{"id":340502,"date":"2022-05-20T10:36:25","date_gmt":"2022-05-20T10:36:25","guid":{"rendered":"https:\/\/glasscannedwines.com\/producto\/vermouth\/"},"modified":"2022-05-20T10:36:25","modified_gmt":"2022-05-20T10:36:25","slug":"vermouth-2","status":"publish","type":"product","link":"https:\/\/glasscannedwines.com\/es\/producto\/vermouth-2\/","title":{"rendered":"Vermouth"},"content":{"rendered":"","protected":false},"excerpt":{"rendered":"<h3 class=\"titled\">DESCRIPCI\u00d3N<\/h3>\n<p>Con esencias provenientes de extractos de frutas, flores y especias entre otros, creamos este arom\u00e1tico vermut rojo de nariz amplia y boca suave y golosa. El equilibrio perfecto entre amargor, az\u00facar y acidez\u2026 queda pendiente que lo maridemos con unas buenas tapas, del mar o de la monta\u00f1a, para conseguir as\u00ed, la perfecta hora del vermut.<\/p>\n<h3 class=\"titled\">NOTAS DE CATA<\/h3>\n<p>Fase visual: Caoba oscuro con brillos color \u00e1mbar.<br \/>\nFase nasal: Aromas c\u00edtricos, especias&#8230;<br \/>\nFase gustativa: Ideal, ni muy amargo ni muy dulce.<\/p>\n<table class=\"tg\">\n<thead>\n<tr>\n<th class=\"tg-1pky\">\n<h3 class=\"title\">VARIEDADES<\/h3>\n<p>Uvas tintas.<\/th>\n<th class=\"tg-2pky\">\n<h3 class=\"title\">PROCEDENCIA<\/h3>\n<p>Diversas.<\/th>\n<th class=\"tg-3pky\">\n<h3 class=\"title\">GRADUACI\u00d3N<\/h3>\n<p>12%<br \/>\n11,5% Vol.<\/th>\n<\/tr>\n<\/thead>\n<\/table>\n","protected":false},"featured_media":340480,"template":"","meta":{"_et_pb_use_builder":"","_et_pb_old_content":"","_et_gb_content_width":""},"product_brand":[],"product_cat":[55],"product_tag":[],"class_list":{"0":"post-340502","1":"product","2":"type-product","3":"status-publish","4":"has-post-thumbnail","6":"product_cat-vermouth-es","8":"first","9":"outofstock","10":"shipping-taxable","11":"purchasable","12":"product-type-variable"},"yoast_head":"<!-- This site is optimized with the Yoast SEO plugin v27.4 - https:\/\/yoast.com\/product\/yoast-seo-wordpress\/ -->\n<title>Vermouth - Glass Canned Wines<\/title>\n<meta name=\"robots\" content=\"index, follow, max-snippet:-1, max-image-preview:large, max-video-preview:-1\" \/>\n<link rel=\"canonical\" href=\"https:\/\/glasscannedwines.com\/producto\/vermouth\/\" \/>\n<meta property=\"og:locale\" content=\"es_ES\" \/>\n<meta property=\"og:type\" content=\"article\" \/>\n<meta property=\"og:title\" content=\"Vermouth - Glass Canned Wines\" \/>\n<meta property=\"og:description\" content=\"DESCRIPCI\u00d3N Con esencias provenientes de extractos de frutas, flores y especias entre otros, creamos este arom\u00e1tico vermut rojo de nariz amplia y boca suave y golosa. El equilibrio perfecto entre amargor, az\u00facar y acidez\u2026 queda pendiente que lo maridemos con unas buenas tapas, del mar o de la monta\u00f1a, para conseguir as\u00ed, la perfecta hora del vermut.  NOTAS DE CATA Fase visual: Caoba oscuro con brillos color \u00e1mbar. Fase nasal: Aromas c\u00edtricos, especias... Fase gustativa: Ideal, ni muy amargo ni muy dulce.   VARIEDADES Uvas tintas. PROCEDENCIA Diversas. GRADUACI\u00d3N 12% 11,5% Vol.\" \/>\n<meta property=\"og:url\" content=\"https:\/\/glasscannedwines.com\/producto\/vermouth\/\" \/>\n<meta property=\"og:site_name\" content=\"Glass Canned Wines\" \/>\n<meta property=\"article:publisher\" content=\"https:\/\/www.facebook.com\/Glasscannedwines\" \/>\n<meta property=\"og:image\" content=\"https:\/\/glasscannedwines.com\/wp-content\/uploads\/2022\/05\/VERMOUTH_GLASS.png\" \/>\n\t<meta property=\"og:image:width\" content=\"600\" \/>\n\t<meta property=\"og:image:height\" content=\"600\" \/>\n\t<meta property=\"og:image:type\" content=\"image\/png\" \/>\n<meta name=\"twitter:card\" content=\"summary_large_image\" \/>\n<script type=\"application\/ld+json\" class=\"yoast-schema-graph\">{\"@context\":\"https:\\\/\\\/schema.org\",\"@graph\":[{\"@type\":\"WebPage\",\"@id\":\"https:\\\/\\\/glasscannedwines.com\\\/producto\\\/vermouth\\\/\",\"url\":\"https:\\\/\\\/glasscannedwines.com\\\/producto\\\/vermouth\\\/\",\"name\":\"Vermouth - Glass Canned Wines\",\"isPartOf\":{\"@id\":\"https:\\\/\\\/glasscannedwines.com\\\/#website\"},\"primaryImageOfPage\":{\"@id\":\"https:\\\/\\\/glasscannedwines.com\\\/producto\\\/vermouth\\\/#primaryimage\"},\"image\":{\"@id\":\"https:\\\/\\\/glasscannedwines.com\\\/producto\\\/vermouth\\\/#primaryimage\"},\"thumbnailUrl\":\"https:\\\/\\\/glasscannedwines.com\\\/wp-content\\\/uploads\\\/2022\\\/05\\\/VERMOUTH_GLASS.png\",\"datePublished\":\"2022-05-20T10:36:25+00:00\",\"breadcrumb\":{\"@id\":\"https:\\\/\\\/glasscannedwines.com\\\/producto\\\/vermouth\\\/#breadcrumb\"},\"inLanguage\":\"es\",\"potentialAction\":[{\"@type\":\"ReadAction\",\"target\":[\"https:\\\/\\\/glasscannedwines.com\\\/producto\\\/vermouth\\\/\"]}]},{\"@type\":\"ImageObject\",\"inLanguage\":\"es\",\"@id\":\"https:\\\/\\\/glasscannedwines.com\\\/producto\\\/vermouth\\\/#primaryimage\",\"url\":\"https:\\\/\\\/glasscannedwines.com\\\/wp-content\\\/uploads\\\/2022\\\/05\\\/VERMOUTH_GLASS.png\",\"contentUrl\":\"https:\\\/\\\/glasscannedwines.com\\\/wp-content\\\/uploads\\\/2022\\\/05\\\/VERMOUTH_GLASS.png\",\"width\":600,\"height\":600},{\"@type\":\"BreadcrumbList\",\"@id\":\"https:\\\/\\\/glasscannedwines.com\\\/producto\\\/vermouth\\\/#breadcrumb\",\"itemListElement\":[{\"@type\":\"ListItem\",\"position\":1,\"name\":\"Inici\",\"item\":\"https:\\\/\\\/glasscannedwines.com\\\/es\\\/\"},{\"@type\":\"ListItem\",\"position\":2,\"name\":\"Botiga\",\"item\":\"https:\\\/\\\/glasscannedwines.com\\\/botiga\\\/\"},{\"@type\":\"ListItem\",\"position\":3,\"name\":\"Vermouth\"}]},{\"@type\":\"WebSite\",\"@id\":\"https:\\\/\\\/glasscannedwines.com\\\/#website\",\"url\":\"https:\\\/\\\/glasscannedwines.com\\\/\",\"name\":\"Glass Canned Wines\",\"description\":\"Vi on vulguis\",\"publisher\":{\"@id\":\"https:\\\/\\\/glasscannedwines.com\\\/#organization\"},\"potentialAction\":[{\"@type\":\"SearchAction\",\"target\":{\"@type\":\"EntryPoint\",\"urlTemplate\":\"https:\\\/\\\/glasscannedwines.com\\\/?s={search_term_string}\"},\"query-input\":{\"@type\":\"PropertyValueSpecification\",\"valueRequired\":true,\"valueName\":\"search_term_string\"}}],\"inLanguage\":\"es\"},{\"@type\":\"Organization\",\"@id\":\"https:\\\/\\\/glasscannedwines.com\\\/#organization\",\"name\":\"Glass Canned Wines\",\"url\":\"https:\\\/\\\/glasscannedwines.com\\\/\",\"logo\":{\"@type\":\"ImageObject\",\"inLanguage\":\"es\",\"@id\":\"https:\\\/\\\/glasscannedwines.com\\\/#\\\/schema\\\/logo\\\/image\\\/\",\"url\":\"https:\\\/\\\/glasscannedwines.com\\\/wp-content\\\/uploads\\\/2021\\\/06\\\/logo.jpg\",\"contentUrl\":\"https:\\\/\\\/glasscannedwines.com\\\/wp-content\\\/uploads\\\/2021\\\/06\\\/logo.jpg\",\"width\":80,\"height\":30,\"caption\":\"Glass Canned Wines\"},\"image\":{\"@id\":\"https:\\\/\\\/glasscannedwines.com\\\/#\\\/schema\\\/logo\\\/image\\\/\"},\"sameAs\":[\"https:\\\/\\\/www.facebook.com\\\/Glasscannedwines\",\"https:\\\/\\\/www.instagram.com\\\/glasscannedwines\\\/\",\"https:\\\/\\\/www.linkedin.com\\\/company\\\/glasscannedwines\"]}]}<\/script>\n<!-- \/ Yoast SEO plugin. -->","yoast_head_json":{"title":"Vermouth - Glass Canned Wines","robots":{"index":"index","follow":"follow","max-snippet":"max-snippet:-1","max-image-preview":"max-image-preview:large","max-video-preview":"max-video-preview:-1"},"canonical":"https:\/\/glasscannedwines.com\/producto\/vermouth\/","og_locale":"es_ES","og_type":"article","og_title":"Vermouth - Glass Canned Wines","og_description":"DESCRIPCI\u00d3N Con esencias provenientes de extractos de frutas, flores y especias entre otros, creamos este arom\u00e1tico vermut rojo de nariz amplia y boca suave y golosa. El equilibrio perfecto entre amargor, az\u00facar y acidez\u2026 queda pendiente que lo maridemos con unas buenas tapas, del mar o de la monta\u00f1a, para conseguir as\u00ed, la perfecta hora del vermut.  NOTAS DE CATA Fase visual: Caoba oscuro con brillos color \u00e1mbar. Fase nasal: Aromas c\u00edtricos, especias... Fase gustativa: Ideal, ni muy amargo ni muy dulce.   VARIEDADES Uvas tintas. PROCEDENCIA Diversas. GRADUACI\u00d3N 12% 11,5% Vol.","og_url":"https:\/\/glasscannedwines.com\/producto\/vermouth\/","og_site_name":"Glass Canned Wines","article_publisher":"https:\/\/www.facebook.com\/Glasscannedwines","og_image":[{"width":600,"height":600,"url":"https:\/\/glasscannedwines.com\/wp-content\/uploads\/2022\/05\/VERMOUTH_GLASS.png","type":"image\/png"}],"twitter_card":"summary_large_image","schema":{"@context":"https:\/\/schema.org","@graph":[{"@type":"WebPage","@id":"https:\/\/glasscannedwines.com\/producto\/vermouth\/","url":"https:\/\/glasscannedwines.com\/producto\/vermouth\/","name":"Vermouth - Glass Canned Wines","isPartOf":{"@id":"https:\/\/glasscannedwines.com\/#website"},"primaryImageOfPage":{"@id":"https:\/\/glasscannedwines.com\/producto\/vermouth\/#primaryimage"},"image":{"@id":"https:\/\/glasscannedwines.com\/producto\/vermouth\/#primaryimage"},"thumbnailUrl":"https:\/\/glasscannedwines.com\/wp-content\/uploads\/2022\/05\/VERMOUTH_GLASS.png","datePublished":"2022-05-20T10:36:25+00:00","breadcrumb":{"@id":"https:\/\/glasscannedwines.com\/producto\/vermouth\/#breadcrumb"},"inLanguage":"es","potentialAction":[{"@type":"ReadAction","target":["https:\/\/glasscannedwines.com\/producto\/vermouth\/"]}]},{"@type":"ImageObject","inLanguage":"es","@id":"https:\/\/glasscannedwines.com\/producto\/vermouth\/#primaryimage","url":"https:\/\/glasscannedwines.com\/wp-content\/uploads\/2022\/05\/VERMOUTH_GLASS.png","contentUrl":"https:\/\/glasscannedwines.com\/wp-content\/uploads\/2022\/05\/VERMOUTH_GLASS.png","width":600,"height":600},{"@type":"BreadcrumbList","@id":"https:\/\/glasscannedwines.com\/producto\/vermouth\/#breadcrumb","itemListElement":[{"@type":"ListItem","position":1,"name":"Inici","item":"https:\/\/glasscannedwines.com\/es\/"},{"@type":"ListItem","position":2,"name":"Botiga","item":"https:\/\/glasscannedwines.com\/botiga\/"},{"@type":"ListItem","position":3,"name":"Vermouth"}]},{"@type":"WebSite","@id":"https:\/\/glasscannedwines.com\/#website","url":"https:\/\/glasscannedwines.com\/","name":"Glass Canned Wines","description":"Vi on vulguis","publisher":{"@id":"https:\/\/glasscannedwines.com\/#organization"},"potentialAction":[{"@type":"SearchAction","target":{"@type":"EntryPoint","urlTemplate":"https:\/\/glasscannedwines.com\/?s={search_term_string}"},"query-input":{"@type":"PropertyValueSpecification","valueRequired":true,"valueName":"search_term_string"}}],"inLanguage":"es"},{"@type":"Organization","@id":"https:\/\/glasscannedwines.com\/#organization","name":"Glass Canned Wines","url":"https:\/\/glasscannedwines.com\/","logo":{"@type":"ImageObject","inLanguage":"es","@id":"https:\/\/glasscannedwines.com\/#\/schema\/logo\/image\/","url":"https:\/\/glasscannedwines.com\/wp-content\/uploads\/2021\/06\/logo.jpg","contentUrl":"https:\/\/glasscannedwines.com\/wp-content\/uploads\/2021\/06\/logo.jpg","width":80,"height":30,"caption":"Glass Canned Wines"},"image":{"@id":"https:\/\/glasscannedwines.com\/#\/schema\/logo\/image\/"},"sameAs":["https:\/\/www.facebook.com\/Glasscannedwines","https:\/\/www.instagram.com\/glasscannedwines\/","https:\/\/www.linkedin.com\/company\/glasscannedwines"]}]}},"_links":{"self":[{"href":"https:\/\/glasscannedwines.com\/es\/wp-json\/wp\/v2\/product\/340502","targetHints":{"allow":["GET"]}}],"collection":[{"href":"https:\/\/glasscannedwines.com\/es\/wp-json\/wp\/v2\/product"}],"about":[{"href":"https:\/\/glasscannedwines.com\/es\/wp-json\/wp\/v2\/types\/product"}],"wp:featuredmedia":[{"embeddable":true,"href":"https:\/\/glasscannedwines.com\/es\/wp-json\/wp\/v2\/media\/340480"}],"wp:attachment":[{"href":"https:\/\/glasscannedwines.com\/es\/wp-json\/wp\/v2\/media?parent=340502"}],"wp:term":[{"taxonomy":"product_brand","embeddable":true,"href":"https:\/\/glasscannedwines.com\/es\/wp-json\/wp\/v2\/product_brand?post=340502"},{"taxonomy":"product_cat","embeddable":true,"href":"https:\/\/glasscannedwines.com\/es\/wp-json\/wp\/v2\/product_cat?post=340502"},{"taxonomy":"product_tag","embeddable":true,"href":"https:\/\/glasscannedwines.com\/es\/wp-json\/wp\/v2\/product_tag?post=340502"}],"curies":[{"name":"wp","href":"https:\/\/api.w.org\/{rel}","templated":true}]}}