{"id":340499,"date":"2022-05-20T11:07:40","date_gmt":"2022-05-20T11:07:40","guid":{"rendered":"https:\/\/glasscannedwines.com\/producto\/white-sangria\/"},"modified":"2026-02-02T08:30:05","modified_gmt":"2026-02-02T08:30:05","slug":"white-sangria","status":"publish","type":"product","link":"https:\/\/glasscannedwines.com\/es\/producto\/white-sangria\/","title":{"rendered":"Sangr\u00eda Blanca"},"content":{"rendered":"","protected":false},"excerpt":{"rendered":"<h3 class=\"titled\">DESCRIPCI\u00d3N<\/h3>\n<p>Hemos preparado con mucho mimo la combinaci\u00f3n perfecta para esta incre\u00edble sangr\u00eda blanca.<br \/>\nEs diferente y refrescante, mezclada con un delicioso blend de vino blanco y esencias naturales provenientes de frutas tropicales como pi\u00f1a y c\u00edtricos mediterr\u00e1neos.<br \/>\nCon una naranja o unas frutas tropicales y unos cubitos de hielo s\u00f3lo queda dejar pasar el tiempo.<\/p>\n<h3 class=\"titled\">NOTAS DE CATA<\/h3>\n<p>Fase visual: Color dorado p\u00e1lido con reflejos brillantes.<br \/>\nFase nasal: Frutas tropicales y c\u00edtricos<br \/>\nFase gustativa: Muy goloso, tremendamente refrescante.<\/p>\n<table class=\"tg\">\n<thead>\n<tr>\n<th class=\"tg-1pky\">\n<h3 class=\"title\">VARIEDADES<\/h3>\n<p>Vino blanco con aromas.<\/th>\n<th class=\"tg-2pky\">\n<h3 class=\"title\">CAPACIDAD<\/h3>\n<p>250 ml<\/th>\n<th class=\"tg-3pky\">\n<h3 class=\"title\">GRADUACI\u00d3N<\/h3>\n<p>12%<br \/>\nAlcohol<\/th>\n<\/tr>\n<\/thead>\n<\/table>\n","protected":false},"featured_media":340493,"template":"","meta":{"_et_pb_use_builder":"","_et_pb_old_content":"","_et_gb_content_width":""},"product_brand":[],"product_cat":[54],"product_tag":[],"class_list":{"0":"post-340499","1":"product","2":"type-product","3":"status-publish","4":"has-post-thumbnail","6":"product_cat-sangria-es","8":"first","9":"instock","10":"shipping-taxable","11":"purchasable","12":"product-type-variable"},"yoast_head":"<!-- This site is optimized with the Yoast SEO plugin v27.3 - https:\/\/yoast.com\/product\/yoast-seo-wordpress\/ -->\n<title>Sangr\u00eda Blanca - Glass Canned Wines<\/title>\n<meta name=\"robots\" content=\"index, follow, max-snippet:-1, max-image-preview:large, max-video-preview:-1\" \/>\n<link rel=\"canonical\" href=\"https:\/\/glasscannedwines.com\/es\/producto\/white-sangria\/\" \/>\n<meta property=\"og:locale\" content=\"es_ES\" \/>\n<meta property=\"og:type\" content=\"article\" \/>\n<meta property=\"og:title\" content=\"Sangr\u00eda Blanca - Glass Canned Wines\" \/>\n<meta property=\"og:description\" content=\"DESCRIPCI\u00d3N Hemos preparado con mucho mimo la combinaci\u00f3n perfecta para esta incre\u00edble sangr\u00eda blanca. Es diferente y refrescante, mezclada con un delicioso blend de vino blanco y esencias naturales provenientes de frutas tropicales como pi\u00f1a y c\u00edtricos mediterr\u00e1neos. Con una naranja o unas frutas tropicales y unos cubitos de hielo s\u00f3lo queda dejar pasar el tiempo. NOTAS DE CATA Fase visual: Color dorado p\u00e1lido con reflejos brillantes. Fase nasal: Frutas tropicales y c\u00edtricos Fase gustativa: Muy goloso, tremendamente refrescante.   VARIEDADES Vino blanco con aromas. CAPACIDAD 250 ml GRADUACI\u00d3N 12% Alcohol\" \/>\n<meta property=\"og:url\" content=\"https:\/\/glasscannedwines.com\/es\/producto\/white-sangria\/\" \/>\n<meta property=\"og:site_name\" content=\"Glass Canned Wines\" \/>\n<meta property=\"article:publisher\" content=\"https:\/\/www.facebook.com\/Glasscannedwines\" \/>\n<meta property=\"article:modified_time\" content=\"2026-02-02T08:30:05+00:00\" \/>\n<meta property=\"og:image\" content=\"https:\/\/glasscannedwines.com\/wp-content\/uploads\/2022\/05\/sangria_white.png\" \/>\n\t<meta property=\"og:image:width\" content=\"600\" \/>\n\t<meta property=\"og:image:height\" content=\"600\" \/>\n\t<meta property=\"og:image:type\" content=\"image\/png\" \/>\n<meta name=\"twitter:card\" content=\"summary_large_image\" \/>\n<meta name=\"twitter:label1\" content=\"Tiempo de lectura\" \/>\n\t<meta name=\"twitter:data1\" content=\"1 minuto\" \/>\n<script type=\"application\/ld+json\" class=\"yoast-schema-graph\">{\"@context\":\"https:\\\/\\\/schema.org\",\"@graph\":[{\"@type\":\"WebPage\",\"@id\":\"https:\\\/\\\/glasscannedwines.com\\\/es\\\/producto\\\/white-sangria\\\/\",\"url\":\"https:\\\/\\\/glasscannedwines.com\\\/es\\\/producto\\\/white-sangria\\\/\",\"name\":\"Sangr\u00eda Blanca - Glass Canned Wines\",\"isPartOf\":{\"@id\":\"https:\\\/\\\/glasscannedwines.com\\\/#website\"},\"primaryImageOfPage\":{\"@id\":\"https:\\\/\\\/glasscannedwines.com\\\/es\\\/producto\\\/white-sangria\\\/#primaryimage\"},\"image\":{\"@id\":\"https:\\\/\\\/glasscannedwines.com\\\/es\\\/producto\\\/white-sangria\\\/#primaryimage\"},\"thumbnailUrl\":\"https:\\\/\\\/glasscannedwines.com\\\/wp-content\\\/uploads\\\/2022\\\/05\\\/sangria_white.png\",\"datePublished\":\"2022-05-20T11:07:40+00:00\",\"dateModified\":\"2026-02-02T08:30:05+00:00\",\"breadcrumb\":{\"@id\":\"https:\\\/\\\/glasscannedwines.com\\\/es\\\/producto\\\/white-sangria\\\/#breadcrumb\"},\"inLanguage\":\"es\",\"potentialAction\":[{\"@type\":\"ReadAction\",\"target\":[\"https:\\\/\\\/glasscannedwines.com\\\/es\\\/producto\\\/white-sangria\\\/\"]}]},{\"@type\":\"ImageObject\",\"inLanguage\":\"es\",\"@id\":\"https:\\\/\\\/glasscannedwines.com\\\/es\\\/producto\\\/white-sangria\\\/#primaryimage\",\"url\":\"https:\\\/\\\/glasscannedwines.com\\\/wp-content\\\/uploads\\\/2022\\\/05\\\/sangria_white.png\",\"contentUrl\":\"https:\\\/\\\/glasscannedwines.com\\\/wp-content\\\/uploads\\\/2022\\\/05\\\/sangria_white.png\",\"width\":600,\"height\":600},{\"@type\":\"BreadcrumbList\",\"@id\":\"https:\\\/\\\/glasscannedwines.com\\\/es\\\/producto\\\/white-sangria\\\/#breadcrumb\",\"itemListElement\":[{\"@type\":\"ListItem\",\"position\":1,\"name\":\"Inici\",\"item\":\"https:\\\/\\\/glasscannedwines.com\\\/es\\\/\"},{\"@type\":\"ListItem\",\"position\":2,\"name\":\"Botiga\",\"item\":\"https:\\\/\\\/glasscannedwines.com\\\/botiga\\\/\"},{\"@type\":\"ListItem\",\"position\":3,\"name\":\"Sangr\u00eda Blanca\"}]},{\"@type\":\"WebSite\",\"@id\":\"https:\\\/\\\/glasscannedwines.com\\\/#website\",\"url\":\"https:\\\/\\\/glasscannedwines.com\\\/\",\"name\":\"Glass Canned Wines\",\"description\":\"Vi on vulguis\",\"publisher\":{\"@id\":\"https:\\\/\\\/glasscannedwines.com\\\/#organization\"},\"potentialAction\":[{\"@type\":\"SearchAction\",\"target\":{\"@type\":\"EntryPoint\",\"urlTemplate\":\"https:\\\/\\\/glasscannedwines.com\\\/?s={search_term_string}\"},\"query-input\":{\"@type\":\"PropertyValueSpecification\",\"valueRequired\":true,\"valueName\":\"search_term_string\"}}],\"inLanguage\":\"es\"},{\"@type\":\"Organization\",\"@id\":\"https:\\\/\\\/glasscannedwines.com\\\/#organization\",\"name\":\"Glass Canned Wines\",\"url\":\"https:\\\/\\\/glasscannedwines.com\\\/\",\"logo\":{\"@type\":\"ImageObject\",\"inLanguage\":\"es\",\"@id\":\"https:\\\/\\\/glasscannedwines.com\\\/#\\\/schema\\\/logo\\\/image\\\/\",\"url\":\"https:\\\/\\\/glasscannedwines.com\\\/wp-content\\\/uploads\\\/2021\\\/06\\\/logo.jpg\",\"contentUrl\":\"https:\\\/\\\/glasscannedwines.com\\\/wp-content\\\/uploads\\\/2021\\\/06\\\/logo.jpg\",\"width\":80,\"height\":30,\"caption\":\"Glass Canned Wines\"},\"image\":{\"@id\":\"https:\\\/\\\/glasscannedwines.com\\\/#\\\/schema\\\/logo\\\/image\\\/\"},\"sameAs\":[\"https:\\\/\\\/www.facebook.com\\\/Glasscannedwines\",\"https:\\\/\\\/www.instagram.com\\\/glasscannedwines\\\/\",\"https:\\\/\\\/www.linkedin.com\\\/company\\\/glasscannedwines\"]}]}<\/script>\n<!-- \/ Yoast SEO plugin. -->","yoast_head_json":{"title":"Sangr\u00eda Blanca - Glass Canned Wines","robots":{"index":"index","follow":"follow","max-snippet":"max-snippet:-1","max-image-preview":"max-image-preview:large","max-video-preview":"max-video-preview:-1"},"canonical":"https:\/\/glasscannedwines.com\/es\/producto\/white-sangria\/","og_locale":"es_ES","og_type":"article","og_title":"Sangr\u00eda Blanca - Glass Canned Wines","og_description":"DESCRIPCI\u00d3N Hemos preparado con mucho mimo la combinaci\u00f3n perfecta para esta incre\u00edble sangr\u00eda blanca. Es diferente y refrescante, mezclada con un delicioso blend de vino blanco y esencias naturales provenientes de frutas tropicales como pi\u00f1a y c\u00edtricos mediterr\u00e1neos. Con una naranja o unas frutas tropicales y unos cubitos de hielo s\u00f3lo queda dejar pasar el tiempo. NOTAS DE CATA Fase visual: Color dorado p\u00e1lido con reflejos brillantes. Fase nasal: Frutas tropicales y c\u00edtricos Fase gustativa: Muy goloso, tremendamente refrescante.   VARIEDADES Vino blanco con aromas. CAPACIDAD 250 ml GRADUACI\u00d3N 12% Alcohol","og_url":"https:\/\/glasscannedwines.com\/es\/producto\/white-sangria\/","og_site_name":"Glass Canned Wines","article_publisher":"https:\/\/www.facebook.com\/Glasscannedwines","article_modified_time":"2026-02-02T08:30:05+00:00","og_image":[{"width":600,"height":600,"url":"https:\/\/glasscannedwines.com\/wp-content\/uploads\/2022\/05\/sangria_white.png","type":"image\/png"}],"twitter_card":"summary_large_image","twitter_misc":{"Tiempo de lectura":"1 minuto"},"schema":{"@context":"https:\/\/schema.org","@graph":[{"@type":"WebPage","@id":"https:\/\/glasscannedwines.com\/es\/producto\/white-sangria\/","url":"https:\/\/glasscannedwines.com\/es\/producto\/white-sangria\/","name":"Sangr\u00eda Blanca - Glass Canned Wines","isPartOf":{"@id":"https:\/\/glasscannedwines.com\/#website"},"primaryImageOfPage":{"@id":"https:\/\/glasscannedwines.com\/es\/producto\/white-sangria\/#primaryimage"},"image":{"@id":"https:\/\/glasscannedwines.com\/es\/producto\/white-sangria\/#primaryimage"},"thumbnailUrl":"https:\/\/glasscannedwines.com\/wp-content\/uploads\/2022\/05\/sangria_white.png","datePublished":"2022-05-20T11:07:40+00:00","dateModified":"2026-02-02T08:30:05+00:00","breadcrumb":{"@id":"https:\/\/glasscannedwines.com\/es\/producto\/white-sangria\/#breadcrumb"},"inLanguage":"es","potentialAction":[{"@type":"ReadAction","target":["https:\/\/glasscannedwines.com\/es\/producto\/white-sangria\/"]}]},{"@type":"ImageObject","inLanguage":"es","@id":"https:\/\/glasscannedwines.com\/es\/producto\/white-sangria\/#primaryimage","url":"https:\/\/glasscannedwines.com\/wp-content\/uploads\/2022\/05\/sangria_white.png","contentUrl":"https:\/\/glasscannedwines.com\/wp-content\/uploads\/2022\/05\/sangria_white.png","width":600,"height":600},{"@type":"BreadcrumbList","@id":"https:\/\/glasscannedwines.com\/es\/producto\/white-sangria\/#breadcrumb","itemListElement":[{"@type":"ListItem","position":1,"name":"Inici","item":"https:\/\/glasscannedwines.com\/es\/"},{"@type":"ListItem","position":2,"name":"Botiga","item":"https:\/\/glasscannedwines.com\/botiga\/"},{"@type":"ListItem","position":3,"name":"Sangr\u00eda Blanca"}]},{"@type":"WebSite","@id":"https:\/\/glasscannedwines.com\/#website","url":"https:\/\/glasscannedwines.com\/","name":"Glass Canned Wines","description":"Vi on vulguis","publisher":{"@id":"https:\/\/glasscannedwines.com\/#organization"},"potentialAction":[{"@type":"SearchAction","target":{"@type":"EntryPoint","urlTemplate":"https:\/\/glasscannedwines.com\/?s={search_term_string}"},"query-input":{"@type":"PropertyValueSpecification","valueRequired":true,"valueName":"search_term_string"}}],"inLanguage":"es"},{"@type":"Organization","@id":"https:\/\/glasscannedwines.com\/#organization","name":"Glass Canned Wines","url":"https:\/\/glasscannedwines.com\/","logo":{"@type":"ImageObject","inLanguage":"es","@id":"https:\/\/glasscannedwines.com\/#\/schema\/logo\/image\/","url":"https:\/\/glasscannedwines.com\/wp-content\/uploads\/2021\/06\/logo.jpg","contentUrl":"https:\/\/glasscannedwines.com\/wp-content\/uploads\/2021\/06\/logo.jpg","width":80,"height":30,"caption":"Glass Canned Wines"},"image":{"@id":"https:\/\/glasscannedwines.com\/#\/schema\/logo\/image\/"},"sameAs":["https:\/\/www.facebook.com\/Glasscannedwines","https:\/\/www.instagram.com\/glasscannedwines\/","https:\/\/www.linkedin.com\/company\/glasscannedwines"]}]}},"_links":{"self":[{"href":"https:\/\/glasscannedwines.com\/es\/wp-json\/wp\/v2\/product\/340499","targetHints":{"allow":["GET"]}}],"collection":[{"href":"https:\/\/glasscannedwines.com\/es\/wp-json\/wp\/v2\/product"}],"about":[{"href":"https:\/\/glasscannedwines.com\/es\/wp-json\/wp\/v2\/types\/product"}],"wp:featuredmedia":[{"embeddable":true,"href":"https:\/\/glasscannedwines.com\/es\/wp-json\/wp\/v2\/media\/340493"}],"wp:attachment":[{"href":"https:\/\/glasscannedwines.com\/es\/wp-json\/wp\/v2\/media?parent=340499"}],"wp:term":[{"taxonomy":"product_brand","embeddable":true,"href":"https:\/\/glasscannedwines.com\/es\/wp-json\/wp\/v2\/product_brand?post=340499"},{"taxonomy":"product_cat","embeddable":true,"href":"https:\/\/glasscannedwines.com\/es\/wp-json\/wp\/v2\/product_cat?post=340499"},{"taxonomy":"product_tag","embeddable":true,"href":"https:\/\/glasscannedwines.com\/es\/wp-json\/wp\/v2\/product_tag?post=340499"}],"curies":[{"name":"wp","href":"https:\/\/api.w.org\/{rel}","templated":true}]}}