{"id":340498,"date":"2022-05-20T11:13:15","date_gmt":"2022-05-20T11:13:15","guid":{"rendered":"https:\/\/glasscannedwines.com\/producto\/00-alcohol\/"},"modified":"2022-09-01T09:21:00","modified_gmt":"2022-09-01T09:21:00","slug":"00-alcohol","status":"publish","type":"product","link":"https:\/\/glasscannedwines.com\/es\/producto\/00-alcohol\/","title":{"rendered":"0,0% ALCOHOL"},"content":{"rendered":"","protected":false},"excerpt":{"rendered":"<h3 class=\"titled\">DESCRIPCI\u00d3N<\/h3>\n<p>Hoy en d\u00eda muchas personas piden una bebida sin alcohol. Por eso, hemos creado este vino blanco desalcoholizado, con el que podr\u00e1s seguir disfrutando de un buen vino pero esta vez sin alcohol. Es fresco en boca y, aunque creas que no, gracias a la uva moscatel es realmente sabroso en tu paladar.<\/p>\n<h3 class=\"titled\">NOTAS DE CATA<\/h3>\n<p>Fase visual: Oro nuevo brillante. Fase nasal: Fruta blanca, manzana, pera&#8230; Fase gustativa: Entrada suave y delicada, redondo<\/p>\n<table class=\"tg\">\n<thead>\n<tr>\n<th class=\"tg-1pky\">\n<h3 class=\"title\">VARIEDADES<\/h3>\n<p>Uvas blancas<\/th>\n<th class=\"tg-2pky\">\n<h3 class=\"title\">PROCEDENCIA<\/h3>\n<p>Diversas.<\/th>\n<th class=\"tg-3pky\">\n<h3 class=\"title\">GRADUACI\u00d3N<\/h3>\n<p>0%<br \/>\nAlcohol<\/th>\n<\/tr>\n<\/thead>\n<\/table>\n","protected":false},"featured_media":340497,"template":"","meta":{"_et_pb_use_builder":"","_et_pb_old_content":"","_et_gb_content_width":""},"product_brand":[],"product_cat":[53],"product_tag":[],"class_list":{"0":"post-340498","1":"product","2":"type-product","3":"status-publish","4":"has-post-thumbnail","6":"product_cat-vinos-blancs-es","8":"first","9":"outofstock","10":"shipping-taxable","11":"purchasable","12":"product-type-variable"},"yoast_head":"<!-- This site is optimized with the Yoast SEO plugin v27.3 - https:\/\/yoast.com\/product\/yoast-seo-wordpress\/ -->\n<title>0,0% ALCOHOL - Glass Canned Wines<\/title>\n<meta name=\"robots\" content=\"index, follow, max-snippet:-1, max-image-preview:large, max-video-preview:-1\" \/>\n<link rel=\"canonical\" href=\"https:\/\/glasscannedwines.com\/producto\/00-alcohol\/\" \/>\n<meta property=\"og:locale\" content=\"es_ES\" \/>\n<meta property=\"og:type\" content=\"article\" \/>\n<meta property=\"og:title\" content=\"0,0% ALCOHOL - Glass Canned Wines\" \/>\n<meta property=\"og:description\" content=\"DESCRIPCI\u00d3N Hoy en d\u00eda muchas personas piden una bebida sin alcohol. Por eso, hemos creado este vino blanco desalcoholizado, con el que podr\u00e1s seguir disfrutando de un buen vino pero esta vez sin alcohol. Es fresco en boca y, aunque creas que no, gracias a la uva moscatel es realmente sabroso en tu paladar.    NOTAS DE CATA Fase visual: Oro nuevo brillante. Fase nasal: Fruta blanca, manzana, pera... Fase gustativa: Entrada suave y delicada, redondo    VARIEDADES Uvas blancas PROCEDENCIA Diversas. GRADUACI\u00d3N 0% Alcohol\" \/>\n<meta property=\"og:url\" content=\"https:\/\/glasscannedwines.com\/producto\/00-alcohol\/\" \/>\n<meta property=\"og:site_name\" content=\"Glass Canned Wines\" \/>\n<meta property=\"article:publisher\" content=\"https:\/\/www.facebook.com\/Glasscannedwines\" \/>\n<meta property=\"article:modified_time\" content=\"2022-09-01T09:21:00+00:00\" \/>\n<meta property=\"og:image\" content=\"https:\/\/glasscannedwines.com\/wp-content\/uploads\/2022\/05\/white_00.png\" \/>\n\t<meta property=\"og:image:width\" content=\"600\" \/>\n\t<meta property=\"og:image:height\" content=\"600\" \/>\n\t<meta property=\"og:image:type\" content=\"image\/png\" \/>\n<meta name=\"twitter:card\" content=\"summary_large_image\" \/>\n<script type=\"application\/ld+json\" class=\"yoast-schema-graph\">{\"@context\":\"https:\\\/\\\/schema.org\",\"@graph\":[{\"@type\":\"WebPage\",\"@id\":\"https:\\\/\\\/glasscannedwines.com\\\/producto\\\/00-alcohol\\\/\",\"url\":\"https:\\\/\\\/glasscannedwines.com\\\/producto\\\/00-alcohol\\\/\",\"name\":\"0,0% ALCOHOL - Glass Canned Wines\",\"isPartOf\":{\"@id\":\"https:\\\/\\\/glasscannedwines.com\\\/#website\"},\"primaryImageOfPage\":{\"@id\":\"https:\\\/\\\/glasscannedwines.com\\\/producto\\\/00-alcohol\\\/#primaryimage\"},\"image\":{\"@id\":\"https:\\\/\\\/glasscannedwines.com\\\/producto\\\/00-alcohol\\\/#primaryimage\"},\"thumbnailUrl\":\"https:\\\/\\\/glasscannedwines.com\\\/wp-content\\\/uploads\\\/2022\\\/05\\\/white_00.png\",\"datePublished\":\"2022-05-20T11:13:15+00:00\",\"dateModified\":\"2022-09-01T09:21:00+00:00\",\"breadcrumb\":{\"@id\":\"https:\\\/\\\/glasscannedwines.com\\\/producto\\\/00-alcohol\\\/#breadcrumb\"},\"inLanguage\":\"es\",\"potentialAction\":[{\"@type\":\"ReadAction\",\"target\":[\"https:\\\/\\\/glasscannedwines.com\\\/producto\\\/00-alcohol\\\/\"]}]},{\"@type\":\"ImageObject\",\"inLanguage\":\"es\",\"@id\":\"https:\\\/\\\/glasscannedwines.com\\\/producto\\\/00-alcohol\\\/#primaryimage\",\"url\":\"https:\\\/\\\/glasscannedwines.com\\\/wp-content\\\/uploads\\\/2022\\\/05\\\/white_00.png\",\"contentUrl\":\"https:\\\/\\\/glasscannedwines.com\\\/wp-content\\\/uploads\\\/2022\\\/05\\\/white_00.png\",\"width\":600,\"height\":600},{\"@type\":\"BreadcrumbList\",\"@id\":\"https:\\\/\\\/glasscannedwines.com\\\/producto\\\/00-alcohol\\\/#breadcrumb\",\"itemListElement\":[{\"@type\":\"ListItem\",\"position\":1,\"name\":\"Inici\",\"item\":\"https:\\\/\\\/glasscannedwines.com\\\/es\\\/\"},{\"@type\":\"ListItem\",\"position\":2,\"name\":\"Botiga\",\"item\":\"https:\\\/\\\/glasscannedwines.com\\\/botiga\\\/\"},{\"@type\":\"ListItem\",\"position\":3,\"name\":\"0,0% ALCOHOL\"}]},{\"@type\":\"WebSite\",\"@id\":\"https:\\\/\\\/glasscannedwines.com\\\/#website\",\"url\":\"https:\\\/\\\/glasscannedwines.com\\\/\",\"name\":\"Glass Canned Wines\",\"description\":\"Vi on vulguis\",\"publisher\":{\"@id\":\"https:\\\/\\\/glasscannedwines.com\\\/#organization\"},\"potentialAction\":[{\"@type\":\"SearchAction\",\"target\":{\"@type\":\"EntryPoint\",\"urlTemplate\":\"https:\\\/\\\/glasscannedwines.com\\\/?s={search_term_string}\"},\"query-input\":{\"@type\":\"PropertyValueSpecification\",\"valueRequired\":true,\"valueName\":\"search_term_string\"}}],\"inLanguage\":\"es\"},{\"@type\":\"Organization\",\"@id\":\"https:\\\/\\\/glasscannedwines.com\\\/#organization\",\"name\":\"Glass Canned Wines\",\"url\":\"https:\\\/\\\/glasscannedwines.com\\\/\",\"logo\":{\"@type\":\"ImageObject\",\"inLanguage\":\"es\",\"@id\":\"https:\\\/\\\/glasscannedwines.com\\\/#\\\/schema\\\/logo\\\/image\\\/\",\"url\":\"https:\\\/\\\/glasscannedwines.com\\\/wp-content\\\/uploads\\\/2021\\\/06\\\/logo.jpg\",\"contentUrl\":\"https:\\\/\\\/glasscannedwines.com\\\/wp-content\\\/uploads\\\/2021\\\/06\\\/logo.jpg\",\"width\":80,\"height\":30,\"caption\":\"Glass Canned Wines\"},\"image\":{\"@id\":\"https:\\\/\\\/glasscannedwines.com\\\/#\\\/schema\\\/logo\\\/image\\\/\"},\"sameAs\":[\"https:\\\/\\\/www.facebook.com\\\/Glasscannedwines\",\"https:\\\/\\\/www.instagram.com\\\/glasscannedwines\\\/\",\"https:\\\/\\\/www.linkedin.com\\\/company\\\/glasscannedwines\"]}]}<\/script>\n<!-- \/ Yoast SEO plugin. -->","yoast_head_json":{"title":"0,0% ALCOHOL - Glass Canned Wines","robots":{"index":"index","follow":"follow","max-snippet":"max-snippet:-1","max-image-preview":"max-image-preview:large","max-video-preview":"max-video-preview:-1"},"canonical":"https:\/\/glasscannedwines.com\/producto\/00-alcohol\/","og_locale":"es_ES","og_type":"article","og_title":"0,0% ALCOHOL - Glass Canned Wines","og_description":"DESCRIPCI\u00d3N Hoy en d\u00eda muchas personas piden una bebida sin alcohol. Por eso, hemos creado este vino blanco desalcoholizado, con el que podr\u00e1s seguir disfrutando de un buen vino pero esta vez sin alcohol. Es fresco en boca y, aunque creas que no, gracias a la uva moscatel es realmente sabroso en tu paladar.    NOTAS DE CATA Fase visual: Oro nuevo brillante. Fase nasal: Fruta blanca, manzana, pera... Fase gustativa: Entrada suave y delicada, redondo    VARIEDADES Uvas blancas PROCEDENCIA Diversas. GRADUACI\u00d3N 0% Alcohol","og_url":"https:\/\/glasscannedwines.com\/producto\/00-alcohol\/","og_site_name":"Glass Canned Wines","article_publisher":"https:\/\/www.facebook.com\/Glasscannedwines","article_modified_time":"2022-09-01T09:21:00+00:00","og_image":[{"width":600,"height":600,"url":"https:\/\/glasscannedwines.com\/wp-content\/uploads\/2022\/05\/white_00.png","type":"image\/png"}],"twitter_card":"summary_large_image","schema":{"@context":"https:\/\/schema.org","@graph":[{"@type":"WebPage","@id":"https:\/\/glasscannedwines.com\/producto\/00-alcohol\/","url":"https:\/\/glasscannedwines.com\/producto\/00-alcohol\/","name":"0,0% ALCOHOL - Glass Canned Wines","isPartOf":{"@id":"https:\/\/glasscannedwines.com\/#website"},"primaryImageOfPage":{"@id":"https:\/\/glasscannedwines.com\/producto\/00-alcohol\/#primaryimage"},"image":{"@id":"https:\/\/glasscannedwines.com\/producto\/00-alcohol\/#primaryimage"},"thumbnailUrl":"https:\/\/glasscannedwines.com\/wp-content\/uploads\/2022\/05\/white_00.png","datePublished":"2022-05-20T11:13:15+00:00","dateModified":"2022-09-01T09:21:00+00:00","breadcrumb":{"@id":"https:\/\/glasscannedwines.com\/producto\/00-alcohol\/#breadcrumb"},"inLanguage":"es","potentialAction":[{"@type":"ReadAction","target":["https:\/\/glasscannedwines.com\/producto\/00-alcohol\/"]}]},{"@type":"ImageObject","inLanguage":"es","@id":"https:\/\/glasscannedwines.com\/producto\/00-alcohol\/#primaryimage","url":"https:\/\/glasscannedwines.com\/wp-content\/uploads\/2022\/05\/white_00.png","contentUrl":"https:\/\/glasscannedwines.com\/wp-content\/uploads\/2022\/05\/white_00.png","width":600,"height":600},{"@type":"BreadcrumbList","@id":"https:\/\/glasscannedwines.com\/producto\/00-alcohol\/#breadcrumb","itemListElement":[{"@type":"ListItem","position":1,"name":"Inici","item":"https:\/\/glasscannedwines.com\/es\/"},{"@type":"ListItem","position":2,"name":"Botiga","item":"https:\/\/glasscannedwines.com\/botiga\/"},{"@type":"ListItem","position":3,"name":"0,0% ALCOHOL"}]},{"@type":"WebSite","@id":"https:\/\/glasscannedwines.com\/#website","url":"https:\/\/glasscannedwines.com\/","name":"Glass Canned Wines","description":"Vi on vulguis","publisher":{"@id":"https:\/\/glasscannedwines.com\/#organization"},"potentialAction":[{"@type":"SearchAction","target":{"@type":"EntryPoint","urlTemplate":"https:\/\/glasscannedwines.com\/?s={search_term_string}"},"query-input":{"@type":"PropertyValueSpecification","valueRequired":true,"valueName":"search_term_string"}}],"inLanguage":"es"},{"@type":"Organization","@id":"https:\/\/glasscannedwines.com\/#organization","name":"Glass Canned Wines","url":"https:\/\/glasscannedwines.com\/","logo":{"@type":"ImageObject","inLanguage":"es","@id":"https:\/\/glasscannedwines.com\/#\/schema\/logo\/image\/","url":"https:\/\/glasscannedwines.com\/wp-content\/uploads\/2021\/06\/logo.jpg","contentUrl":"https:\/\/glasscannedwines.com\/wp-content\/uploads\/2021\/06\/logo.jpg","width":80,"height":30,"caption":"Glass Canned Wines"},"image":{"@id":"https:\/\/glasscannedwines.com\/#\/schema\/logo\/image\/"},"sameAs":["https:\/\/www.facebook.com\/Glasscannedwines","https:\/\/www.instagram.com\/glasscannedwines\/","https:\/\/www.linkedin.com\/company\/glasscannedwines"]}]}},"_links":{"self":[{"href":"https:\/\/glasscannedwines.com\/es\/wp-json\/wp\/v2\/product\/340498","targetHints":{"allow":["GET"]}}],"collection":[{"href":"https:\/\/glasscannedwines.com\/es\/wp-json\/wp\/v2\/product"}],"about":[{"href":"https:\/\/glasscannedwines.com\/es\/wp-json\/wp\/v2\/types\/product"}],"wp:featuredmedia":[{"embeddable":true,"href":"https:\/\/glasscannedwines.com\/es\/wp-json\/wp\/v2\/media\/340497"}],"wp:attachment":[{"href":"https:\/\/glasscannedwines.com\/es\/wp-json\/wp\/v2\/media?parent=340498"}],"wp:term":[{"taxonomy":"product_brand","embeddable":true,"href":"https:\/\/glasscannedwines.com\/es\/wp-json\/wp\/v2\/product_brand?post=340498"},{"taxonomy":"product_cat","embeddable":true,"href":"https:\/\/glasscannedwines.com\/es\/wp-json\/wp\/v2\/product_cat?post=340498"},{"taxonomy":"product_tag","embeddable":true,"href":"https:\/\/glasscannedwines.com\/es\/wp-json\/wp\/v2\/product_tag?post=340498"}],"curies":[{"name":"wp","href":"https:\/\/api.w.org\/{rel}","templated":true}]}}