{"id":340285,"date":"2021-04-19T07:32:16","date_gmt":"2021-04-19T07:32:16","guid":{"rendered":"https:\/\/glasscannedwines.com\/producto\/scumoso-blanco\/"},"modified":"2022-04-20T15:01:31","modified_gmt":"2022-04-20T15:01:31","slug":"espumoso-blanco","status":"publish","type":"product","link":"https:\/\/glasscannedwines.com\/es\/producto\/espumoso-blanco\/","title":{"rendered":"Espumoso Blanco"},"content":{"rendered":"","protected":false},"excerpt":{"rendered":"<h3 class=\"titled\">DESCRIPCI\u00d3N<\/h3>\n<p>Con las mejores uvas blancas obtenemos este chispeante #GlassBubbles. Arom\u00e1tico y refrescante, este vino blanco repleto de burbujas m\u00e1gicas te acompa\u00f1ar\u00e1 en los mejores momentos de tu vida. T\u00f3mate tu tiempo, las cosas con burbujas se ven mucho mejor, as\u00ed que para, rel\u00e1jate, abre un #GlassBubbles y relativiza: \u00a1lo m\u00e1s importante eres t\u00fa! <\/p>\n<h3 class=\"titled\">NOTAS DE CATA<\/h3>\n<p>Fase visual: Color dorado p\u00e1lido con ribetes verdosos.<br \/>\nFase nasal: Afrutado, con finas notas vegetales.<br \/>\nFase gustativa: Delicado, intenso y sabroso.<\/p>\n<table class=\"tg\">\n<thead>\n<tr>\n<th class=\"tg-1pky\">\n<h3 class=\"title\">VARIEDADES<\/h3>\n<p>Chardonnay, Xarel\u00b7lo y Musca<\/th>\n<th class=\"tg-2pky\">\n<h3 class=\"title\">PROCEDENCIA<\/h3>\n<p>Penede\u0300s<br \/>\n(Barcelona).<\/th>\n<th class=\"tg-3pky\">\n<h3 class=\"title\">GRADUACI\u00d3N<\/h3>\n<p>11,5%<br \/>\n11,5% Vol.<\/th>\n<\/tr>\n<\/thead>\n<\/table>\n","protected":false},"featured_media":340010,"template":"","meta":{"_et_pb_use_builder":"on","_et_pb_old_content":"","_et_gb_content_width":""},"product_brand":[],"product_cat":[49],"product_tag":[],"class_list":{"0":"post-340285","1":"product","2":"type-product","3":"status-publish","4":"has-post-thumbnail","6":"product_cat-todos","8":"first","9":"instock","10":"shipping-taxable","11":"purchasable","12":"product-type-variable"},"yoast_head":"<!-- This site is optimized with the Yoast SEO plugin v27.3 - https:\/\/yoast.com\/product\/yoast-seo-wordpress\/ -->\n<title>Espumoso Blanco - Glass Canned Wines<\/title>\n<meta name=\"robots\" content=\"index, follow, max-snippet:-1, max-image-preview:large, max-video-preview:-1\" \/>\n<link rel=\"canonical\" href=\"https:\/\/glasscannedwines.com\/es\/producto\/espumoso-blanco\/\" \/>\n<meta property=\"og:locale\" content=\"es_ES\" \/>\n<meta property=\"og:type\" content=\"article\" \/>\n<meta property=\"og:title\" content=\"Espumoso Blanco - Glass Canned Wines\" \/>\n<meta property=\"og:description\" content=\"DESCRIPCI\u00d3N Con las mejores uvas blancas obtenemos este chispeante #GlassBubbles. Arom\u00e1tico y refrescante, este vino blanco repleto de burbujas m\u00e1gicas te acompa\u00f1ar\u00e1 en los mejores momentos de tu vida. T\u00f3mate tu tiempo, las cosas con burbujas se ven mucho mejor, as\u00ed que para, rel\u00e1jate, abre un #GlassBubbles y relativiza: \u00a1lo m\u00e1s importante eres t\u00fa!  NOTAS DE CATA Fase visual: Color dorado p\u00e1lido con ribetes verdosos. Fase nasal: Afrutado, con finas notas vegetales. Fase gustativa: Delicado, intenso y sabroso.   VARIEDADES Chardonnay, Xarel\u00b7lo y Musca PROCEDENCIA Penede\u0300s (Barcelona). GRADUACI\u00d3N 11,5% 11,5% Vol.\" \/>\n<meta property=\"og:url\" content=\"https:\/\/glasscannedwines.com\/es\/producto\/espumoso-blanco\/\" \/>\n<meta property=\"og:site_name\" content=\"Glass Canned Wines\" \/>\n<meta property=\"article:publisher\" content=\"https:\/\/www.facebook.com\/Glasscannedwines\" \/>\n<meta property=\"article:modified_time\" content=\"2022-04-20T15:01:31+00:00\" \/>\n<meta property=\"og:image\" content=\"https:\/\/glasscannedwines.com\/wp-content\/uploads\/2021\/04\/escumosB-scaled.jpg\" \/>\n\t<meta property=\"og:image:width\" content=\"2560\" \/>\n\t<meta property=\"og:image:height\" content=\"2560\" \/>\n\t<meta property=\"og:image:type\" content=\"image\/jpeg\" \/>\n<meta name=\"twitter:card\" content=\"summary_large_image\" \/>\n<script type=\"application\/ld+json\" class=\"yoast-schema-graph\">{\"@context\":\"https:\\\/\\\/schema.org\",\"@graph\":[{\"@type\":\"WebPage\",\"@id\":\"https:\\\/\\\/glasscannedwines.com\\\/es\\\/producto\\\/espumoso-blanco\\\/\",\"url\":\"https:\\\/\\\/glasscannedwines.com\\\/es\\\/producto\\\/espumoso-blanco\\\/\",\"name\":\"Espumoso Blanco - Glass Canned Wines\",\"isPartOf\":{\"@id\":\"https:\\\/\\\/glasscannedwines.com\\\/#website\"},\"primaryImageOfPage\":{\"@id\":\"https:\\\/\\\/glasscannedwines.com\\\/es\\\/producto\\\/espumoso-blanco\\\/#primaryimage\"},\"image\":{\"@id\":\"https:\\\/\\\/glasscannedwines.com\\\/es\\\/producto\\\/espumoso-blanco\\\/#primaryimage\"},\"thumbnailUrl\":\"https:\\\/\\\/glasscannedwines.com\\\/wp-content\\\/uploads\\\/2021\\\/04\\\/escumosB-scaled.jpg\",\"datePublished\":\"2021-04-19T07:32:16+00:00\",\"dateModified\":\"2022-04-20T15:01:31+00:00\",\"breadcrumb\":{\"@id\":\"https:\\\/\\\/glasscannedwines.com\\\/es\\\/producto\\\/espumoso-blanco\\\/#breadcrumb\"},\"inLanguage\":\"es\",\"potentialAction\":[{\"@type\":\"ReadAction\",\"target\":[\"https:\\\/\\\/glasscannedwines.com\\\/es\\\/producto\\\/espumoso-blanco\\\/\"]}]},{\"@type\":\"ImageObject\",\"inLanguage\":\"es\",\"@id\":\"https:\\\/\\\/glasscannedwines.com\\\/es\\\/producto\\\/espumoso-blanco\\\/#primaryimage\",\"url\":\"https:\\\/\\\/glasscannedwines.com\\\/wp-content\\\/uploads\\\/2021\\\/04\\\/escumosB-scaled.jpg\",\"contentUrl\":\"https:\\\/\\\/glasscannedwines.com\\\/wp-content\\\/uploads\\\/2021\\\/04\\\/escumosB-scaled.jpg\",\"width\":2560,\"height\":2560,\"caption\":\"glass-llauna\"},{\"@type\":\"BreadcrumbList\",\"@id\":\"https:\\\/\\\/glasscannedwines.com\\\/es\\\/producto\\\/espumoso-blanco\\\/#breadcrumb\",\"itemListElement\":[{\"@type\":\"ListItem\",\"position\":1,\"name\":\"Inici\",\"item\":\"https:\\\/\\\/glasscannedwines.com\\\/es\\\/\"},{\"@type\":\"ListItem\",\"position\":2,\"name\":\"Botiga\",\"item\":\"https:\\\/\\\/glasscannedwines.com\\\/botiga\\\/\"},{\"@type\":\"ListItem\",\"position\":3,\"name\":\"Espumoso Blanco\"}]},{\"@type\":\"WebSite\",\"@id\":\"https:\\\/\\\/glasscannedwines.com\\\/#website\",\"url\":\"https:\\\/\\\/glasscannedwines.com\\\/\",\"name\":\"Glass Canned Wines\",\"description\":\"Vi on vulguis\",\"publisher\":{\"@id\":\"https:\\\/\\\/glasscannedwines.com\\\/#organization\"},\"potentialAction\":[{\"@type\":\"SearchAction\",\"target\":{\"@type\":\"EntryPoint\",\"urlTemplate\":\"https:\\\/\\\/glasscannedwines.com\\\/?s={search_term_string}\"},\"query-input\":{\"@type\":\"PropertyValueSpecification\",\"valueRequired\":true,\"valueName\":\"search_term_string\"}}],\"inLanguage\":\"es\"},{\"@type\":\"Organization\",\"@id\":\"https:\\\/\\\/glasscannedwines.com\\\/#organization\",\"name\":\"Glass Canned Wines\",\"url\":\"https:\\\/\\\/glasscannedwines.com\\\/\",\"logo\":{\"@type\":\"ImageObject\",\"inLanguage\":\"es\",\"@id\":\"https:\\\/\\\/glasscannedwines.com\\\/#\\\/schema\\\/logo\\\/image\\\/\",\"url\":\"https:\\\/\\\/glasscannedwines.com\\\/wp-content\\\/uploads\\\/2021\\\/06\\\/logo.jpg\",\"contentUrl\":\"https:\\\/\\\/glasscannedwines.com\\\/wp-content\\\/uploads\\\/2021\\\/06\\\/logo.jpg\",\"width\":80,\"height\":30,\"caption\":\"Glass Canned Wines\"},\"image\":{\"@id\":\"https:\\\/\\\/glasscannedwines.com\\\/#\\\/schema\\\/logo\\\/image\\\/\"},\"sameAs\":[\"https:\\\/\\\/www.facebook.com\\\/Glasscannedwines\",\"https:\\\/\\\/www.instagram.com\\\/glasscannedwines\\\/\",\"https:\\\/\\\/www.linkedin.com\\\/company\\\/glasscannedwines\"]}]}<\/script>\n<!-- \/ Yoast SEO plugin. -->","yoast_head_json":{"title":"Espumoso Blanco - Glass Canned Wines","robots":{"index":"index","follow":"follow","max-snippet":"max-snippet:-1","max-image-preview":"max-image-preview:large","max-video-preview":"max-video-preview:-1"},"canonical":"https:\/\/glasscannedwines.com\/es\/producto\/espumoso-blanco\/","og_locale":"es_ES","og_type":"article","og_title":"Espumoso Blanco - Glass Canned Wines","og_description":"DESCRIPCI\u00d3N Con las mejores uvas blancas obtenemos este chispeante #GlassBubbles. Arom\u00e1tico y refrescante, este vino blanco repleto de burbujas m\u00e1gicas te acompa\u00f1ar\u00e1 en los mejores momentos de tu vida. T\u00f3mate tu tiempo, las cosas con burbujas se ven mucho mejor, as\u00ed que para, rel\u00e1jate, abre un #GlassBubbles y relativiza: \u00a1lo m\u00e1s importante eres t\u00fa!  NOTAS DE CATA Fase visual: Color dorado p\u00e1lido con ribetes verdosos. Fase nasal: Afrutado, con finas notas vegetales. Fase gustativa: Delicado, intenso y sabroso.   VARIEDADES Chardonnay, Xarel\u00b7lo y Musca PROCEDENCIA Penede\u0300s (Barcelona). GRADUACI\u00d3N 11,5% 11,5% Vol.","og_url":"https:\/\/glasscannedwines.com\/es\/producto\/espumoso-blanco\/","og_site_name":"Glass Canned Wines","article_publisher":"https:\/\/www.facebook.com\/Glasscannedwines","article_modified_time":"2022-04-20T15:01:31+00:00","og_image":[{"width":2560,"height":2560,"url":"https:\/\/glasscannedwines.com\/wp-content\/uploads\/2021\/04\/escumosB-scaled.jpg","type":"image\/jpeg"}],"twitter_card":"summary_large_image","schema":{"@context":"https:\/\/schema.org","@graph":[{"@type":"WebPage","@id":"https:\/\/glasscannedwines.com\/es\/producto\/espumoso-blanco\/","url":"https:\/\/glasscannedwines.com\/es\/producto\/espumoso-blanco\/","name":"Espumoso Blanco - Glass Canned Wines","isPartOf":{"@id":"https:\/\/glasscannedwines.com\/#website"},"primaryImageOfPage":{"@id":"https:\/\/glasscannedwines.com\/es\/producto\/espumoso-blanco\/#primaryimage"},"image":{"@id":"https:\/\/glasscannedwines.com\/es\/producto\/espumoso-blanco\/#primaryimage"},"thumbnailUrl":"https:\/\/glasscannedwines.com\/wp-content\/uploads\/2021\/04\/escumosB-scaled.jpg","datePublished":"2021-04-19T07:32:16+00:00","dateModified":"2022-04-20T15:01:31+00:00","breadcrumb":{"@id":"https:\/\/glasscannedwines.com\/es\/producto\/espumoso-blanco\/#breadcrumb"},"inLanguage":"es","potentialAction":[{"@type":"ReadAction","target":["https:\/\/glasscannedwines.com\/es\/producto\/espumoso-blanco\/"]}]},{"@type":"ImageObject","inLanguage":"es","@id":"https:\/\/glasscannedwines.com\/es\/producto\/espumoso-blanco\/#primaryimage","url":"https:\/\/glasscannedwines.com\/wp-content\/uploads\/2021\/04\/escumosB-scaled.jpg","contentUrl":"https:\/\/glasscannedwines.com\/wp-content\/uploads\/2021\/04\/escumosB-scaled.jpg","width":2560,"height":2560,"caption":"glass-llauna"},{"@type":"BreadcrumbList","@id":"https:\/\/glasscannedwines.com\/es\/producto\/espumoso-blanco\/#breadcrumb","itemListElement":[{"@type":"ListItem","position":1,"name":"Inici","item":"https:\/\/glasscannedwines.com\/es\/"},{"@type":"ListItem","position":2,"name":"Botiga","item":"https:\/\/glasscannedwines.com\/botiga\/"},{"@type":"ListItem","position":3,"name":"Espumoso Blanco"}]},{"@type":"WebSite","@id":"https:\/\/glasscannedwines.com\/#website","url":"https:\/\/glasscannedwines.com\/","name":"Glass Canned Wines","description":"Vi on vulguis","publisher":{"@id":"https:\/\/glasscannedwines.com\/#organization"},"potentialAction":[{"@type":"SearchAction","target":{"@type":"EntryPoint","urlTemplate":"https:\/\/glasscannedwines.com\/?s={search_term_string}"},"query-input":{"@type":"PropertyValueSpecification","valueRequired":true,"valueName":"search_term_string"}}],"inLanguage":"es"},{"@type":"Organization","@id":"https:\/\/glasscannedwines.com\/#organization","name":"Glass Canned Wines","url":"https:\/\/glasscannedwines.com\/","logo":{"@type":"ImageObject","inLanguage":"es","@id":"https:\/\/glasscannedwines.com\/#\/schema\/logo\/image\/","url":"https:\/\/glasscannedwines.com\/wp-content\/uploads\/2021\/06\/logo.jpg","contentUrl":"https:\/\/glasscannedwines.com\/wp-content\/uploads\/2021\/06\/logo.jpg","width":80,"height":30,"caption":"Glass Canned Wines"},"image":{"@id":"https:\/\/glasscannedwines.com\/#\/schema\/logo\/image\/"},"sameAs":["https:\/\/www.facebook.com\/Glasscannedwines","https:\/\/www.instagram.com\/glasscannedwines\/","https:\/\/www.linkedin.com\/company\/glasscannedwines"]}]}},"_links":{"self":[{"href":"https:\/\/glasscannedwines.com\/es\/wp-json\/wp\/v2\/product\/340285","targetHints":{"allow":["GET"]}}],"collection":[{"href":"https:\/\/glasscannedwines.com\/es\/wp-json\/wp\/v2\/product"}],"about":[{"href":"https:\/\/glasscannedwines.com\/es\/wp-json\/wp\/v2\/types\/product"}],"wp:featuredmedia":[{"embeddable":true,"href":"https:\/\/glasscannedwines.com\/es\/wp-json\/wp\/v2\/media\/340010"}],"wp:attachment":[{"href":"https:\/\/glasscannedwines.com\/es\/wp-json\/wp\/v2\/media?parent=340285"}],"wp:term":[{"taxonomy":"product_brand","embeddable":true,"href":"https:\/\/glasscannedwines.com\/es\/wp-json\/wp\/v2\/product_brand?post=340285"},{"taxonomy":"product_cat","embeddable":true,"href":"https:\/\/glasscannedwines.com\/es\/wp-json\/wp\/v2\/product_cat?post=340285"},{"taxonomy":"product_tag","embeddable":true,"href":"https:\/\/glasscannedwines.com\/es\/wp-json\/wp\/v2\/product_tag?post=340285"}],"curies":[{"name":"wp","href":"https:\/\/api.w.org\/{rel}","templated":true}]}}