{"id":340277,"date":"2021-04-19T07:30:29","date_gmt":"2021-04-19T07:30:29","guid":{"rendered":"https:\/\/glasscannedwines.com\/producto\/rosado\/"},"modified":"2021-04-19T07:30:29","modified_gmt":"2021-04-19T07:30:29","slug":"rosado","status":"publish","type":"product","link":"https:\/\/glasscannedwines.com\/es\/producto\/rosado\/","title":{"rendered":"Rosado"},"content":{"rendered":"","protected":false},"excerpt":{"rendered":"<h3 class=\"titled\">DESCRIPCI\u00d3N<\/h3>\n<p>Este maravilloso coupage de merlot y tempranillo nos brinda un vino rosado, suave y aterciopelado, con un perfecto equilibrio en boca de aromas afrutados y florales, ambos elegantes y persistentes. \u00bfA qu\u00e9 fruta nos recuerda? \u00bfQu\u00e9 flor nos evoca? Ya tenemos en qu\u00e9 pensar o un buen tema de conversaci\u00f3n para empezar. Siempre espectacular con #GlassRos\u00e9.<\/p>\n<h3 class=\"titled\">NOTAS DE CATA<\/h3>\n<p>Fase visual: Color rub\u00ed con ribetes violetas.<br \/>\nFase nasal: Alta intensidad de frutos rojos y c\u00edtricos.<br \/>\nFase gustativa: Fresco y goloso, agradable y persistente.<\/p>\n<table class=\"tg\">\n<thead>\n<tr>\n<th class=\"tg-1pky\">\n<h3 class=\"title\">VARIEDADES<\/h3>\n<p>Merlot, Tempranillo, Cabernet<\/th>\n<th class=\"tg-2pky\">\n<h3 class=\"title\">PROCEDENCIA<\/h3>\n<p>Penede\u0300s<br \/>\n(Barcelona).<\/th>\n<th class=\"tg-3pky\">\n<h3 class=\"title\">GRADUACI\u00d3N<\/h3>\n<p>12%<br \/>\n11,5% Vol.<\/th>\n<\/tr>\n<\/thead>\n<\/table>\n","protected":false},"featured_media":340014,"template":"","meta":{"_et_pb_use_builder":"on","_et_pb_old_content":"","_et_gb_content_width":""},"product_brand":[],"product_cat":[49],"product_tag":[],"class_list":{"0":"post-340277","1":"product","2":"type-product","3":"status-publish","4":"has-post-thumbnail","6":"product_cat-todos","8":"first","9":"instock","10":"shipping-taxable","11":"purchasable","12":"product-type-variable"},"yoast_head":"<!-- This site is optimized with the Yoast SEO plugin v27.3 - https:\/\/yoast.com\/product\/yoast-seo-wordpress\/ -->\n<title>Rosado - Glass Canned Wines<\/title>\n<meta name=\"robots\" content=\"index, follow, max-snippet:-1, max-image-preview:large, max-video-preview:-1\" \/>\n<link rel=\"canonical\" href=\"https:\/\/glasscannedwines.com\/producto\/rosat\/\" \/>\n<meta property=\"og:locale\" content=\"es_ES\" \/>\n<meta property=\"og:type\" content=\"article\" \/>\n<meta property=\"og:title\" content=\"Rosado - Glass Canned Wines\" \/>\n<meta property=\"og:description\" content=\"DESCRIPCI\u00d3N Este maravilloso coupage de merlot y tempranillo nos brinda un vino rosado, suave y aterciopelado, con un perfecto equilibrio en boca de aromas afrutados y florales, ambos elegantes y persistentes. \u00bfA qu\u00e9 fruta nos recuerda? \u00bfQu\u00e9 flor nos evoca? Ya tenemos en qu\u00e9 pensar o un buen tema de conversaci\u00f3n para empezar. Siempre espectacular con #GlassRos\u00e9.   NOTAS DE CATA Fase visual: Color rub\u00ed con ribetes violetas. Fase nasal: Alta intensidad de frutos rojos y c\u00edtricos. Fase gustativa: Fresco y goloso, agradable y persistente.   VARIEDADES Merlot, Tempranillo, Cabernet PROCEDENCIA Penede\u0300s (Barcelona). GRADUACI\u00d3N 12% 11,5% Vol.\" \/>\n<meta property=\"og:url\" content=\"https:\/\/glasscannedwines.com\/producto\/rosat\/\" \/>\n<meta property=\"og:site_name\" content=\"Glass Canned Wines\" \/>\n<meta property=\"article:publisher\" content=\"https:\/\/www.facebook.com\/Glasscannedwines\" \/>\n<meta property=\"og:image\" content=\"https:\/\/glasscannedwines.com\/wp-content\/uploads\/2021\/04\/rosat-1-scaled.jpg\" \/>\n\t<meta property=\"og:image:width\" content=\"2560\" \/>\n\t<meta property=\"og:image:height\" content=\"2560\" \/>\n\t<meta property=\"og:image:type\" content=\"image\/jpeg\" \/>\n<meta name=\"twitter:card\" content=\"summary_large_image\" \/>\n<script type=\"application\/ld+json\" class=\"yoast-schema-graph\">{\"@context\":\"https:\\\/\\\/schema.org\",\"@graph\":[{\"@type\":\"WebPage\",\"@id\":\"https:\\\/\\\/glasscannedwines.com\\\/producto\\\/rosat\\\/\",\"url\":\"https:\\\/\\\/glasscannedwines.com\\\/producto\\\/rosat\\\/\",\"name\":\"Rosado - Glass Canned Wines\",\"isPartOf\":{\"@id\":\"https:\\\/\\\/glasscannedwines.com\\\/#website\"},\"primaryImageOfPage\":{\"@id\":\"https:\\\/\\\/glasscannedwines.com\\\/producto\\\/rosat\\\/#primaryimage\"},\"image\":{\"@id\":\"https:\\\/\\\/glasscannedwines.com\\\/producto\\\/rosat\\\/#primaryimage\"},\"thumbnailUrl\":\"https:\\\/\\\/glasscannedwines.com\\\/wp-content\\\/uploads\\\/2021\\\/04\\\/rosat-1-scaled.jpg\",\"datePublished\":\"2021-04-19T07:30:29+00:00\",\"breadcrumb\":{\"@id\":\"https:\\\/\\\/glasscannedwines.com\\\/producto\\\/rosat\\\/#breadcrumb\"},\"inLanguage\":\"es\",\"potentialAction\":[{\"@type\":\"ReadAction\",\"target\":[\"https:\\\/\\\/glasscannedwines.com\\\/producto\\\/rosat\\\/\"]}]},{\"@type\":\"ImageObject\",\"inLanguage\":\"es\",\"@id\":\"https:\\\/\\\/glasscannedwines.com\\\/producto\\\/rosat\\\/#primaryimage\",\"url\":\"https:\\\/\\\/glasscannedwines.com\\\/wp-content\\\/uploads\\\/2021\\\/04\\\/rosat-1-scaled.jpg\",\"contentUrl\":\"https:\\\/\\\/glasscannedwines.com\\\/wp-content\\\/uploads\\\/2021\\\/04\\\/rosat-1-scaled.jpg\",\"width\":2560,\"height\":2560,\"caption\":\"glass-llauna\"},{\"@type\":\"BreadcrumbList\",\"@id\":\"https:\\\/\\\/glasscannedwines.com\\\/producto\\\/rosat\\\/#breadcrumb\",\"itemListElement\":[{\"@type\":\"ListItem\",\"position\":1,\"name\":\"Inici\",\"item\":\"https:\\\/\\\/glasscannedwines.com\\\/es\\\/\"},{\"@type\":\"ListItem\",\"position\":2,\"name\":\"Botiga\",\"item\":\"https:\\\/\\\/glasscannedwines.com\\\/botiga\\\/\"},{\"@type\":\"ListItem\",\"position\":3,\"name\":\"Rosado\"}]},{\"@type\":\"WebSite\",\"@id\":\"https:\\\/\\\/glasscannedwines.com\\\/#website\",\"url\":\"https:\\\/\\\/glasscannedwines.com\\\/\",\"name\":\"Glass Canned Wines\",\"description\":\"Vi on vulguis\",\"publisher\":{\"@id\":\"https:\\\/\\\/glasscannedwines.com\\\/#organization\"},\"potentialAction\":[{\"@type\":\"SearchAction\",\"target\":{\"@type\":\"EntryPoint\",\"urlTemplate\":\"https:\\\/\\\/glasscannedwines.com\\\/?s={search_term_string}\"},\"query-input\":{\"@type\":\"PropertyValueSpecification\",\"valueRequired\":true,\"valueName\":\"search_term_string\"}}],\"inLanguage\":\"es\"},{\"@type\":\"Organization\",\"@id\":\"https:\\\/\\\/glasscannedwines.com\\\/#organization\",\"name\":\"Glass Canned Wines\",\"url\":\"https:\\\/\\\/glasscannedwines.com\\\/\",\"logo\":{\"@type\":\"ImageObject\",\"inLanguage\":\"es\",\"@id\":\"https:\\\/\\\/glasscannedwines.com\\\/#\\\/schema\\\/logo\\\/image\\\/\",\"url\":\"https:\\\/\\\/glasscannedwines.com\\\/wp-content\\\/uploads\\\/2021\\\/06\\\/logo.jpg\",\"contentUrl\":\"https:\\\/\\\/glasscannedwines.com\\\/wp-content\\\/uploads\\\/2021\\\/06\\\/logo.jpg\",\"width\":80,\"height\":30,\"caption\":\"Glass Canned Wines\"},\"image\":{\"@id\":\"https:\\\/\\\/glasscannedwines.com\\\/#\\\/schema\\\/logo\\\/image\\\/\"},\"sameAs\":[\"https:\\\/\\\/www.facebook.com\\\/Glasscannedwines\",\"https:\\\/\\\/www.instagram.com\\\/glasscannedwines\\\/\",\"https:\\\/\\\/www.linkedin.com\\\/company\\\/glasscannedwines\"]}]}<\/script>\n<!-- \/ Yoast SEO plugin. -->","yoast_head_json":{"title":"Rosado - Glass Canned Wines","robots":{"index":"index","follow":"follow","max-snippet":"max-snippet:-1","max-image-preview":"max-image-preview:large","max-video-preview":"max-video-preview:-1"},"canonical":"https:\/\/glasscannedwines.com\/producto\/rosat\/","og_locale":"es_ES","og_type":"article","og_title":"Rosado - Glass Canned Wines","og_description":"DESCRIPCI\u00d3N Este maravilloso coupage de merlot y tempranillo nos brinda un vino rosado, suave y aterciopelado, con un perfecto equilibrio en boca de aromas afrutados y florales, ambos elegantes y persistentes. \u00bfA qu\u00e9 fruta nos recuerda? \u00bfQu\u00e9 flor nos evoca? Ya tenemos en qu\u00e9 pensar o un buen tema de conversaci\u00f3n para empezar. Siempre espectacular con #GlassRos\u00e9.   NOTAS DE CATA Fase visual: Color rub\u00ed con ribetes violetas. Fase nasal: Alta intensidad de frutos rojos y c\u00edtricos. Fase gustativa: Fresco y goloso, agradable y persistente.   VARIEDADES Merlot, Tempranillo, Cabernet PROCEDENCIA Penede\u0300s (Barcelona). GRADUACI\u00d3N 12% 11,5% Vol.","og_url":"https:\/\/glasscannedwines.com\/producto\/rosat\/","og_site_name":"Glass Canned Wines","article_publisher":"https:\/\/www.facebook.com\/Glasscannedwines","og_image":[{"width":2560,"height":2560,"url":"https:\/\/glasscannedwines.com\/wp-content\/uploads\/2021\/04\/rosat-1-scaled.jpg","type":"image\/jpeg"}],"twitter_card":"summary_large_image","schema":{"@context":"https:\/\/schema.org","@graph":[{"@type":"WebPage","@id":"https:\/\/glasscannedwines.com\/producto\/rosat\/","url":"https:\/\/glasscannedwines.com\/producto\/rosat\/","name":"Rosado - Glass Canned Wines","isPartOf":{"@id":"https:\/\/glasscannedwines.com\/#website"},"primaryImageOfPage":{"@id":"https:\/\/glasscannedwines.com\/producto\/rosat\/#primaryimage"},"image":{"@id":"https:\/\/glasscannedwines.com\/producto\/rosat\/#primaryimage"},"thumbnailUrl":"https:\/\/glasscannedwines.com\/wp-content\/uploads\/2021\/04\/rosat-1-scaled.jpg","datePublished":"2021-04-19T07:30:29+00:00","breadcrumb":{"@id":"https:\/\/glasscannedwines.com\/producto\/rosat\/#breadcrumb"},"inLanguage":"es","potentialAction":[{"@type":"ReadAction","target":["https:\/\/glasscannedwines.com\/producto\/rosat\/"]}]},{"@type":"ImageObject","inLanguage":"es","@id":"https:\/\/glasscannedwines.com\/producto\/rosat\/#primaryimage","url":"https:\/\/glasscannedwines.com\/wp-content\/uploads\/2021\/04\/rosat-1-scaled.jpg","contentUrl":"https:\/\/glasscannedwines.com\/wp-content\/uploads\/2021\/04\/rosat-1-scaled.jpg","width":2560,"height":2560,"caption":"glass-llauna"},{"@type":"BreadcrumbList","@id":"https:\/\/glasscannedwines.com\/producto\/rosat\/#breadcrumb","itemListElement":[{"@type":"ListItem","position":1,"name":"Inici","item":"https:\/\/glasscannedwines.com\/es\/"},{"@type":"ListItem","position":2,"name":"Botiga","item":"https:\/\/glasscannedwines.com\/botiga\/"},{"@type":"ListItem","position":3,"name":"Rosado"}]},{"@type":"WebSite","@id":"https:\/\/glasscannedwines.com\/#website","url":"https:\/\/glasscannedwines.com\/","name":"Glass Canned Wines","description":"Vi on vulguis","publisher":{"@id":"https:\/\/glasscannedwines.com\/#organization"},"potentialAction":[{"@type":"SearchAction","target":{"@type":"EntryPoint","urlTemplate":"https:\/\/glasscannedwines.com\/?s={search_term_string}"},"query-input":{"@type":"PropertyValueSpecification","valueRequired":true,"valueName":"search_term_string"}}],"inLanguage":"es"},{"@type":"Organization","@id":"https:\/\/glasscannedwines.com\/#organization","name":"Glass Canned Wines","url":"https:\/\/glasscannedwines.com\/","logo":{"@type":"ImageObject","inLanguage":"es","@id":"https:\/\/glasscannedwines.com\/#\/schema\/logo\/image\/","url":"https:\/\/glasscannedwines.com\/wp-content\/uploads\/2021\/06\/logo.jpg","contentUrl":"https:\/\/glasscannedwines.com\/wp-content\/uploads\/2021\/06\/logo.jpg","width":80,"height":30,"caption":"Glass Canned Wines"},"image":{"@id":"https:\/\/glasscannedwines.com\/#\/schema\/logo\/image\/"},"sameAs":["https:\/\/www.facebook.com\/Glasscannedwines","https:\/\/www.instagram.com\/glasscannedwines\/","https:\/\/www.linkedin.com\/company\/glasscannedwines"]}]}},"_links":{"self":[{"href":"https:\/\/glasscannedwines.com\/es\/wp-json\/wp\/v2\/product\/340277","targetHints":{"allow":["GET"]}}],"collection":[{"href":"https:\/\/glasscannedwines.com\/es\/wp-json\/wp\/v2\/product"}],"about":[{"href":"https:\/\/glasscannedwines.com\/es\/wp-json\/wp\/v2\/types\/product"}],"wp:featuredmedia":[{"embeddable":true,"href":"https:\/\/glasscannedwines.com\/es\/wp-json\/wp\/v2\/media\/340014"}],"wp:attachment":[{"href":"https:\/\/glasscannedwines.com\/es\/wp-json\/wp\/v2\/media?parent=340277"}],"wp:term":[{"taxonomy":"product_brand","embeddable":true,"href":"https:\/\/glasscannedwines.com\/es\/wp-json\/wp\/v2\/product_brand?post=340277"},{"taxonomy":"product_cat","embeddable":true,"href":"https:\/\/glasscannedwines.com\/es\/wp-json\/wp\/v2\/product_cat?post=340277"},{"taxonomy":"product_tag","embeddable":true,"href":"https:\/\/glasscannedwines.com\/es\/wp-json\/wp\/v2\/product_tag?post=340277"}],"curies":[{"name":"wp","href":"https:\/\/api.w.org\/{rel}","templated":true}]}}