{"id":388089,"date":"2025-01-30T10:51:16","date_gmt":"2025-01-30T10:51:16","guid":{"rendered":"https:\/\/glasscannedwines.com\/calidad\/"},"modified":"2025-02-11T12:04:22","modified_gmt":"2025-02-11T12:04:22","slug":"calidad","status":"publish","type":"page","link":"https:\/\/glasscannedwines.com\/es\/calidad\/","title":{"rendered":"Calidad"},"content":{"rendered":"<p>[et_pb_section fb_built=\u00bb1&#8243; _builder_version=\u00bb4.27.4&#8243; _module_preset=\u00bbdefault\u00bb custom_margin=\u00bb||-302px||false|false\u00bb custom_padding=\u00bb||68px||false|false\u00bb animation_style=\u00bbfade\u00bb global_colors_info=\u00bb{}\u00bb][et_pb_row _builder_version=\u00bb4.16&#8243; max_width=\u00bb1170px\u00bb custom_padding=\u00bb||10px\u00bb locked=\u00bboff\u00bb global_colors_info=\u00bb{}\u00bb][et_pb_column type=\u00bb4_4&#8243; _builder_version=\u00bb4.16&#8243; custom_padding=\u00bb|||\u00bb global_colors_info=\u00bb{}\u00bb custom_padding__hover=\u00bb|||\u00bb][et_pb_cta title=\u00bbCompromiso, prestigio e innovaci\u00f3n en cada lata\u00bb admin_label=\u00bbLive With You Blurbs &#8211; Freddie &#8211; Call To Action\u00bb _builder_version=\u00bb4.27.4&#8243; header_font=\u00bbPoppins|300||on|||||\u00bb header_text_color=\u00bb#000000&#8243; header_font_size=\u00bb18px\u00bb header_line_height=\u00bb120%\u00bb body_font=\u00bbPoppins|700|||||||\u00bb body_text_color=\u00bb#000000&#8243; body_font_size=\u00bb40px\u00bb body_line_height=\u00bb140%\u00bb use_background_color=\u00bboff\u00bb body_font_size_tablet=\u00bb22px\u00bb body_font_size_phone=\u00bb20px\u00bb body_font_size_last_edited=\u00bbon|phone\u00bb z_index_tablet=\u00bb500&#8243; custom_css_promo_description=\u00bbfont-weight: 400 !important;\u00bb custom_css_promo_title=\u00bbfont-weight: 400 !important;||    padding-bottom: 23px;\u00bb global_colors_info=\u00bb{}\u00bb]<\/p>\n<p>CALIDAD<\/p>\n<p>[\/et_pb_cta][\/et_pb_column][\/et_pb_row][et_pb_row _builder_version=\u00bb4.27.4&#8243; _module_preset=\u00bbdefault\u00bb global_colors_info=\u00bb{}\u00bb][et_pb_column type=\u00bb4_4&#8243; _builder_version=\u00bb4.27.4&#8243; _module_preset=\u00bbdefault\u00bb global_colors_info=\u00bb{}\u00bb][et_pb_text _builder_version=\u00bb4.27.4&#8243; _module_preset=\u00bbdefault\u00bb global_colors_info=\u00bb{}\u00bb]<\/p>\n<p style=\"text-align: justify;\"><strong>NUESTRAS PLANTAS DE ENLATADO<\/strong><\/p>\n<p style=\"text-align: justify;\">Nuestras instalaciones cumplen con los est\u00e1ndares internacionales m\u00e1s exigentes en seguridad alimentaria. Contamos con las certificaciones <strong>BRC (British Retail Consortium)<\/strong> e <strong>IFS (International Featured Standards)<\/strong>, que garantizan la calidad y seguridad de nuestros procesos de producci\u00f3n y envasado. Estas certificaciones son reconocidas globalmente y aseguran que nuestros productos cumplen con los requisitos legales y de calidad m\u00e1s estrictos.  <\/p>\n<p>[\/et_pb_text][\/et_pb_column][\/et_pb_row][et_pb_row _builder_version=\u00bb4.27.4&#8243; _module_preset=\u00bbdefault\u00bb global_colors_info=\u00bb{}\u00bb][et_pb_column type=\u00bb4_4&#8243; _builder_version=\u00bb4.27.4&#8243; _module_preset=\u00bbdefault\u00bb global_colors_info=\u00bb{}\u00bb][et_pb_text _builder_version=\u00bb4.27.4&#8243; _module_preset=\u00bbdefault\u00bb global_colors_info=\u00bb{}\u00bb]<\/p>\n<p style=\"text-align: right;\"><strong>LA EXCELENCIA DE NUESTRAS BODEGAS<\/strong><\/p>\n<p style=\"text-align: justify;\">Nuestras bodegas est\u00e1n certificadas con las normas <strong>ISO 9001 e ISO 14001<\/strong>, lo que demuestra nuestra dedicaci\u00f3n a la calidad y al respeto por el medio ambiente. La ISO 9001 certifica que nuestros procesos de gesti\u00f3n de calidad son eficientes y est\u00e1n orientados a la satisfacci\u00f3n del cliente, mientras que la ISO 14001 demuestra nuestro compromiso con una gesti\u00f3n ambiental responsable. <\/p>\n<p>[\/et_pb_text][\/et_pb_column][\/et_pb_row][et_pb_row _builder_version=\u00bb4.27.4&#8243; _module_preset=\u00bbdefault\u00bb global_colors_info=\u00bb{}\u00bb][et_pb_column type=\u00bb4_4&#8243; _builder_version=\u00bb4.27.4&#8243; _module_preset=\u00bbdefault\u00bb global_colors_info=\u00bb{}\u00bb][et_pb_text _builder_version=\u00bb4.27.4&#8243; _module_preset=\u00bbdefault\u00bb global_colors_info=\u00bb{}\u00bb]<\/p>\n<p style=\"text-align: justify;\"><strong>CALIDAD EN EL TRANSPORTE ALIMENTARIO<\/strong><\/p>\n<p style=\"text-align: justify;\">Nos aseguramos de que la cadena de suministro mantenga los m\u00e1s altos est\u00e1ndares de calidad. Por eso, contamos con la certificaci\u00f3n <strong>Madel DUV<\/strong>, que avala la seguridad y eficiencia en el transporte de nuestros productos alimentarios, garantizando que lleguen al consumidor final en \u00f3ptimas condiciones. <\/p>\n<p>[\/et_pb_text][\/et_pb_column][\/et_pb_row][et_pb_row _builder_version=\u00bb4.27.4&#8243; _module_preset=\u00bbdefault\u00bb width=\u00bb100%\u00bb max_width=\u00bb1958px\u00bb min_height=\u00bb1000px\u00bb height=\u00bb1000px\u00bb max_height=\u00bb1000px\u00bb custom_margin=\u00bb64px|auto|-204px|auto|false|false\u00bb custom_padding=\u00bb12px||0px||false|false\u00bb animation_style=\u00bbfade\u00bb hover_enabled=\u00bb0&#8243; border_style_all=\u00bbdashed\u00bb global_colors_info=\u00bb{}\u00bb background_image=\u00bbhttps:\/\/glasscannedwines.com\/wp-content\/uploads\/2025\/01\/2149726424-2.jpg\u00bb sticky_enabled=\u00bb0&#8243; parallax=\u00bbon\u00bb parallax_method=\u00bboff\u00bb][et_pb_column type=\u00bb4_4&#8243; _builder_version=\u00bb4.27.4&#8243; _module_preset=\u00bbdefault\u00bb global_colors_info=\u00bb{}\u00bb][\/et_pb_column][\/et_pb_row][\/et_pb_section]<\/p>\n","protected":false},"excerpt":{"rendered":"<p>CALIDADNUESTRAS PLANTAS DE ENLATADO Nuestras instalaciones cumplen con los est\u00e1ndares internacionales m\u00e1s exigentes en seguridad alimentaria. Contamos con las certificaciones BRC (British Retail Consortium) e IFS (International Featured Standards), que garantizan la calidad y seguridad de nuestros procesos de producci\u00f3n y envasado. Estas certificaciones son reconocidas globalmente y aseguran que nuestros productos cumplen con los [&hellip;]<\/p>\n","protected":false},"author":5,"featured_media":0,"parent":0,"menu_order":0,"comment_status":"closed","ping_status":"closed","template":"","meta":{"_et_pb_use_builder":"on","_et_pb_old_content":"","_et_gb_content_width":"","footnotes":""},"class_list":["post-388089","page","type-page","status-publish","hentry"],"yoast_head":"<!-- This site is optimized with the Yoast SEO plugin v27.3 - https:\/\/yoast.com\/product\/yoast-seo-wordpress\/ -->\n<title>Calidad - Glass Canned Wines<\/title>\n<meta name=\"robots\" content=\"index, follow, max-snippet:-1, max-image-preview:large, max-video-preview:-1\" \/>\n<link rel=\"canonical\" href=\"https:\/\/glasscannedwines.com\/es\/calidad\/\" \/>\n<meta property=\"og:locale\" content=\"es_ES\" \/>\n<meta property=\"og:type\" content=\"article\" \/>\n<meta property=\"og:title\" content=\"Calidad - Glass Canned Wines\" \/>\n<meta property=\"og:description\" content=\"CALIDADNUESTRAS PLANTAS DE ENLATADO Nuestras instalaciones cumplen con los est\u00e1ndares internacionales m\u00e1s exigentes en seguridad alimentaria. Contamos con las certificaciones BRC (British Retail Consortium) e IFS (International Featured Standards), que garantizan la calidad y seguridad de nuestros procesos de producci\u00f3n y envasado. Estas certificaciones son reconocidas globalmente y aseguran que nuestros productos cumplen con los [&hellip;]\" \/>\n<meta property=\"og:url\" content=\"https:\/\/glasscannedwines.com\/es\/calidad\/\" \/>\n<meta property=\"og:site_name\" content=\"Glass Canned Wines\" \/>\n<meta property=\"article:publisher\" content=\"https:\/\/www.facebook.com\/Glasscannedwines\" \/>\n<meta property=\"article:modified_time\" content=\"2025-02-11T12:04:22+00:00\" \/>\n<meta name=\"twitter:card\" content=\"summary_large_image\" \/>\n<meta name=\"twitter:label1\" content=\"Tiempo de lectura\" \/>\n\t<meta name=\"twitter:data1\" content=\"3 minutos\" \/>\n<script type=\"application\/ld+json\" class=\"yoast-schema-graph\">{\"@context\":\"https:\\\/\\\/schema.org\",\"@graph\":[{\"@type\":\"WebPage\",\"@id\":\"https:\\\/\\\/glasscannedwines.com\\\/es\\\/calidad\\\/\",\"url\":\"https:\\\/\\\/glasscannedwines.com\\\/es\\\/calidad\\\/\",\"name\":\"Calidad - Glass Canned Wines\",\"isPartOf\":{\"@id\":\"https:\\\/\\\/glasscannedwines.com\\\/#website\"},\"datePublished\":\"2025-01-30T10:51:16+00:00\",\"dateModified\":\"2025-02-11T12:04:22+00:00\",\"breadcrumb\":{\"@id\":\"https:\\\/\\\/glasscannedwines.com\\\/es\\\/calidad\\\/#breadcrumb\"},\"inLanguage\":\"es\",\"potentialAction\":[{\"@type\":\"ReadAction\",\"target\":[\"https:\\\/\\\/glasscannedwines.com\\\/es\\\/calidad\\\/\"]}]},{\"@type\":\"BreadcrumbList\",\"@id\":\"https:\\\/\\\/glasscannedwines.com\\\/es\\\/calidad\\\/#breadcrumb\",\"itemListElement\":[{\"@type\":\"ListItem\",\"position\":1,\"name\":\"Inici\",\"item\":\"https:\\\/\\\/glasscannedwines.com\\\/es\\\/\"},{\"@type\":\"ListItem\",\"position\":2,\"name\":\"Calidad\"}]},{\"@type\":\"WebSite\",\"@id\":\"https:\\\/\\\/glasscannedwines.com\\\/#website\",\"url\":\"https:\\\/\\\/glasscannedwines.com\\\/\",\"name\":\"Glass Canned Wines\",\"description\":\"Vi on vulguis\",\"publisher\":{\"@id\":\"https:\\\/\\\/glasscannedwines.com\\\/#organization\"},\"potentialAction\":[{\"@type\":\"SearchAction\",\"target\":{\"@type\":\"EntryPoint\",\"urlTemplate\":\"https:\\\/\\\/glasscannedwines.com\\\/?s={search_term_string}\"},\"query-input\":{\"@type\":\"PropertyValueSpecification\",\"valueRequired\":true,\"valueName\":\"search_term_string\"}}],\"inLanguage\":\"es\"},{\"@type\":\"Organization\",\"@id\":\"https:\\\/\\\/glasscannedwines.com\\\/#organization\",\"name\":\"Glass Canned Wines\",\"url\":\"https:\\\/\\\/glasscannedwines.com\\\/\",\"logo\":{\"@type\":\"ImageObject\",\"inLanguage\":\"es\",\"@id\":\"https:\\\/\\\/glasscannedwines.com\\\/#\\\/schema\\\/logo\\\/image\\\/\",\"url\":\"https:\\\/\\\/glasscannedwines.com\\\/wp-content\\\/uploads\\\/2021\\\/06\\\/logo.jpg\",\"contentUrl\":\"https:\\\/\\\/glasscannedwines.com\\\/wp-content\\\/uploads\\\/2021\\\/06\\\/logo.jpg\",\"width\":80,\"height\":30,\"caption\":\"Glass Canned Wines\"},\"image\":{\"@id\":\"https:\\\/\\\/glasscannedwines.com\\\/#\\\/schema\\\/logo\\\/image\\\/\"},\"sameAs\":[\"https:\\\/\\\/www.facebook.com\\\/Glasscannedwines\",\"https:\\\/\\\/www.instagram.com\\\/glasscannedwines\\\/\",\"https:\\\/\\\/www.linkedin.com\\\/company\\\/glasscannedwines\"]}]}<\/script>\n<!-- \/ Yoast SEO plugin. -->","yoast_head_json":{"title":"Calidad - Glass Canned Wines","robots":{"index":"index","follow":"follow","max-snippet":"max-snippet:-1","max-image-preview":"max-image-preview:large","max-video-preview":"max-video-preview:-1"},"canonical":"https:\/\/glasscannedwines.com\/es\/calidad\/","og_locale":"es_ES","og_type":"article","og_title":"Calidad - Glass Canned Wines","og_description":"CALIDADNUESTRAS PLANTAS DE ENLATADO Nuestras instalaciones cumplen con los est\u00e1ndares internacionales m\u00e1s exigentes en seguridad alimentaria. Contamos con las certificaciones BRC (British Retail Consortium) e IFS (International Featured Standards), que garantizan la calidad y seguridad de nuestros procesos de producci\u00f3n y envasado. Estas certificaciones son reconocidas globalmente y aseguran que nuestros productos cumplen con los [&hellip;]","og_url":"https:\/\/glasscannedwines.com\/es\/calidad\/","og_site_name":"Glass Canned Wines","article_publisher":"https:\/\/www.facebook.com\/Glasscannedwines","article_modified_time":"2025-02-11T12:04:22+00:00","twitter_card":"summary_large_image","twitter_misc":{"Tiempo de lectura":"3 minutos"},"schema":{"@context":"https:\/\/schema.org","@graph":[{"@type":"WebPage","@id":"https:\/\/glasscannedwines.com\/es\/calidad\/","url":"https:\/\/glasscannedwines.com\/es\/calidad\/","name":"Calidad - Glass Canned Wines","isPartOf":{"@id":"https:\/\/glasscannedwines.com\/#website"},"datePublished":"2025-01-30T10:51:16+00:00","dateModified":"2025-02-11T12:04:22+00:00","breadcrumb":{"@id":"https:\/\/glasscannedwines.com\/es\/calidad\/#breadcrumb"},"inLanguage":"es","potentialAction":[{"@type":"ReadAction","target":["https:\/\/glasscannedwines.com\/es\/calidad\/"]}]},{"@type":"BreadcrumbList","@id":"https:\/\/glasscannedwines.com\/es\/calidad\/#breadcrumb","itemListElement":[{"@type":"ListItem","position":1,"name":"Inici","item":"https:\/\/glasscannedwines.com\/es\/"},{"@type":"ListItem","position":2,"name":"Calidad"}]},{"@type":"WebSite","@id":"https:\/\/glasscannedwines.com\/#website","url":"https:\/\/glasscannedwines.com\/","name":"Glass Canned Wines","description":"Vi on vulguis","publisher":{"@id":"https:\/\/glasscannedwines.com\/#organization"},"potentialAction":[{"@type":"SearchAction","target":{"@type":"EntryPoint","urlTemplate":"https:\/\/glasscannedwines.com\/?s={search_term_string}"},"query-input":{"@type":"PropertyValueSpecification","valueRequired":true,"valueName":"search_term_string"}}],"inLanguage":"es"},{"@type":"Organization","@id":"https:\/\/glasscannedwines.com\/#organization","name":"Glass Canned Wines","url":"https:\/\/glasscannedwines.com\/","logo":{"@type":"ImageObject","inLanguage":"es","@id":"https:\/\/glasscannedwines.com\/#\/schema\/logo\/image\/","url":"https:\/\/glasscannedwines.com\/wp-content\/uploads\/2021\/06\/logo.jpg","contentUrl":"https:\/\/glasscannedwines.com\/wp-content\/uploads\/2021\/06\/logo.jpg","width":80,"height":30,"caption":"Glass Canned Wines"},"image":{"@id":"https:\/\/glasscannedwines.com\/#\/schema\/logo\/image\/"},"sameAs":["https:\/\/www.facebook.com\/Glasscannedwines","https:\/\/www.instagram.com\/glasscannedwines\/","https:\/\/www.linkedin.com\/company\/glasscannedwines"]}]}},"_links":{"self":[{"href":"https:\/\/glasscannedwines.com\/es\/wp-json\/wp\/v2\/pages\/388089","targetHints":{"allow":["GET"]}}],"collection":[{"href":"https:\/\/glasscannedwines.com\/es\/wp-json\/wp\/v2\/pages"}],"about":[{"href":"https:\/\/glasscannedwines.com\/es\/wp-json\/wp\/v2\/types\/page"}],"author":[{"embeddable":true,"href":"https:\/\/glasscannedwines.com\/es\/wp-json\/wp\/v2\/users\/5"}],"replies":[{"embeddable":true,"href":"https:\/\/glasscannedwines.com\/es\/wp-json\/wp\/v2\/comments?post=388089"}],"version-history":[{"count":2,"href":"https:\/\/glasscannedwines.com\/es\/wp-json\/wp\/v2\/pages\/388089\/revisions"}],"predecessor-version":[{"id":388091,"href":"https:\/\/glasscannedwines.com\/es\/wp-json\/wp\/v2\/pages\/388089\/revisions\/388091"}],"wp:attachment":[{"href":"https:\/\/glasscannedwines.com\/es\/wp-json\/wp\/v2\/media?parent=388089"}],"curies":[{"name":"wp","href":"https:\/\/api.w.org\/{rel}","templated":true}]}}