{"id":340239,"date":"2021-07-01T13:33:54","date_gmt":"2021-07-01T13:33:54","guid":{"rendered":"https:\/\/glasscannedwines.com\/politica-de-cookies\/"},"modified":"2022-04-20T11:42:02","modified_gmt":"2022-04-20T11:42:02","slug":"politica-de-cookies","status":"publish","type":"page","link":"https:\/\/glasscannedwines.com\/es\/politica-de-cookies\/","title":{"rendered":"Pol\u00edtica de Cookies"},"content":{"rendered":"<p>[et_pb_section fb_built=\u00bb1&#8243; _builder_version=\u00bb4.9.3&#8243; _module_preset=\u00bbdefault\u00bb][et_pb_row _builder_version=\u00bb4.9.3&#8243; _module_preset=\u00bbdefault\u00bb][et_pb_column _builder_version=\u00bb4.9.3&#8243; _module_preset=\u00bbdefault\u00bb type=\u00bb4_4&#8243;][et_pb_text _builder_version=\u00bb4.9.3&#8243; _module_preset=\u00bbdefault\u00bb hover_enabled=\u00bb0&#8243; sticky_enabled=\u00bb0&#8243;]<\/p>\n<h1 style=\"text-align: justify;\">POL\u00cdTICA DE COOKIES<\/h1>\n<p style=\"text-align: justify;\">ALUVINUM, S.A., titular del Sitio Web (www.glasscannedwines.com), utiliza cookies propias y de terceros para distintas finalidades. ALUVINUM, S.A. recurre al uso de cookies a los efectos de cumplir con las exigencias legales previstas en la Ley 34\/2002, de 11 de julio, de servicios de la sociedad de la informaci\u00f3n y de comercio electr\u00f3nico.<\/p>\n<p style=\"text-align: justify;\">La presente Pol\u00edtica de Cookies tiene por objeto informarle de manera clara y precisa sobre las cookies que utilizamos, la informaci\u00f3n que recopilamos a trav\u00e9s de estas y para qu\u00e9 finalidades se utiliza dicha informaci\u00f3n.<\/p>\n<p style=\"text-align: justify;\">Para obtener m\u00e1s informaci\u00f3n sobre c\u00f3mo utilizamos, almacenamos y mantenemos seguros sus datos personales, consulte nuestra Pol\u00edtica de privacidad.<\/p>\n<ol style=\"text-align: justify;\">\n<li><strong><u>\u00bfQU\u00c9 SON LAS COOKIES Y CU\u00c1L ES SU FINALIDAD?<\/u><\/strong><\/li>\n<\/ol>\n<p style=\"text-align: justify;\">Una \u201ccookie\u201d es un archivo que se almacena en el ordenador, tablet, smartphone o cualquier otro dispositivo del usuario, con la finalidad de recabar y almacenar informaci\u00f3n acerca del uso, por parte de este \u00faltimo, del Sitio Web (art\u00edculo 22.2 LSSI).<\/p>\n<ol style=\"text-align: justify;\">\n<li><strong><u>\u00bfQU\u00c9 TIPO DE COOKIES EXISTEN?<\/u><\/strong><\/li>\n<\/ol>\n<p style=\"text-align: justify;\">A continuaci\u00f3n, se expone una clasificaci\u00f3n de las cookies que existen y pueden llegar a ser utilizadas en nuestro Sitio Web, teniendo en cuenta que una misma cookie puede estar incluida en m\u00e1s de una categor\u00eda.<\/p>\n<ul style=\"text-align: justify;\">\n<li>Seg\u00fan la <strong>entidad que las gestiona<\/strong><\/li>\n<li><u>Cookies propias<\/u>: aquellas que se env\u00edan a su equipo desde nuestros propios equipos o dominios y desde el que prestamos el servicio que nos solicita.<\/li>\n<li><u>Cookies de terceros<\/u>: aquellas que se env\u00edan a su equipo desde un equipo o dominio que no es gestionado por ALUVINUM, S.A., sino por otra entidad colaboradora.<\/li>\n<li>Seg\u00fan el <strong>plazo de tiempo que permanecen activas<\/strong><\/li>\n<li><u>Cookies de sesi\u00f3n<\/u>: cookies temporales dise\u00f1adas para recabar y almacenar datos mientras accede a nuestro Sitio Web, desapareciendo la informaci\u00f3n una vez se cierra la sesi\u00f3n (por lo que ning\u00fan dato queda almacenado en el terminal).<\/li>\n<\/ul>\n<p style=\"text-align: justify;\"><u>Cookies persistentes<\/u>: los datos se almacenan en el terminal y pueden ser accedidos y tratados durante un periodo de tiempo determinado.<\/p>\n<ul style=\"text-align: justify;\">\n<li>Seg\u00fan la <strong>finalidad<\/strong><\/li>\n<li><u>Cookies t\u00e9cnicas<\/u>: aquellas que permiten la navegaci\u00f3n a trav\u00e9s del Sitio Web, incluyendo aquellas utilizadas para la gesti\u00f3n del mismo y la habilitaci\u00f3n de sus funciones y servicios (p. ej.: controlar el tr\u00e1fico y la comunicaci\u00f3n de datos, identificar la sesi\u00f3n, acceder a partes de acceso restringido, recordar los elementos que integran un pedido, realizar el proceso de compra de un pedido, gestionar el pago, etc.).<\/li>\n<\/ul>\n<ul style=\"text-align: justify;\">\n<li><u>Cookies de personalizaci\u00f3n<\/u>: aquellas que permiten recordar informaci\u00f3n para que pueda acceder al Sitio Web con determinadas caracter\u00edsticas que pueden diferenciar su experiencia de la de otros usuarios (p.ej.: el idioma, el n\u00famero de resultados a mostrar cuando el usuario realiza una b\u00fasqueda, el aspecto o contenido del servicio en funci\u00f3n del tipo de navegador a trav\u00e9s del cual el usuario accede al servicio o de la regi\u00f3n desde la que accede al servicio, etc.).<\/li>\n<\/ul>\n<ul style=\"text-align: justify;\">\n<li><u>Cookies de an\u00e1lisis o medici\u00f3n<\/u>: aquellas que permiten al responsable de las mismas el seguimiento y an\u00e1lisis del comportamiento de los usuarios, incluida la cuantificaci\u00f3n de los impactos de los anuncios. La informaci\u00f3n recogida mediante este tipo de cookies se utiliza en la medici\u00f3n de la actividad del Sitio Web con el fin de introducir mejoras en funci\u00f3n del an\u00e1lisis de los datos de uso que hacen los usuarios.<\/li>\n<\/ul>\n<ul style=\"text-align: justify;\">\n<li><u>Cookies de publicidad comportamental<\/u>: aquellas que almacenan informaci\u00f3n del comportamiento de los usuarios obtenida a trav\u00e9s de la observaci\u00f3n continuada de sus h\u00e1bitos de navegaci\u00f3n, lo que permite desarrollar un perfil espec\u00edfico para mostrar publicidad en funci\u00f3n del mismo.<\/li>\n<\/ul>\n<ol style=\"text-align: justify;\">\n<li><strong><u>\u00bfQU\u00c9 COOKIES UTILIZAMOS EN NUESTRO SITIO WEB?<\/u><\/strong><\/li>\n<\/ol>\n<p style=\"text-align: justify;\">ALUVINUM, S.A. utiliza las siguientes cookies propias:<\/p>\n<p style=\"text-align: justify;\">Esto lo necesitamos de vosotros<\/p>\n<ol style=\"text-align: justify;\">\n<li><strong><u>\u00bfDURANTE CU\u00c1NTO TIEMPO CONSERVAREMOS LA INFORMACI\u00d3N?<\/u><\/strong><\/li>\n<\/ol>\n<p style=\"text-align: justify;\">En cumplimiento del art. 13.2 del Reglamento (UE) 2016\/679, mantendremos la informaci\u00f3n recabada a trav\u00e9s de las cookies durante el tiempo imprescindible para cumplir con las finalidades indicadas en cada cookie.<\/p>\n<ol style=\"text-align: justify;\">\n<li><strong><u>\u00bfC\u00d3MO CONFIGURAR O DESHABILITAR LAS COOKIES?<\/u><\/strong><\/li>\n<\/ol>\n<p style=\"text-align: justify;\">La legitimaci\u00f3n de ALUVINUM, S.A. para el uso de cookies est\u00e1 basada en el consentimiento expreso que se le solicita, conforme al art\u00edculo 6.1.a) del Reglamento (UE) 2016\/679.<\/p>\n<p style=\"text-align: justify;\">El consentimiento que nos ha prestado es aplicable a las cookies del presente Sitio Web (www.glasscannedwines.com) y de los sitios web de los terceros con los que colaboramos, especificados en el apartado <em>\u201c\u00bfqu\u00e9 cookies utilizamos en nuestro sitio web?\u201d<\/em> de la presente Pol\u00edtica.<\/p>\n<p style=\"text-align: justify;\">Puede restringir, bloquear o borrar las cookies instaladas en su equipo mediante la configuraci\u00f3n de las opciones de su navegador de Internet:<\/p>\n<ul style=\"text-align: justify;\">\n<li>Google Chrome: <a href=\"https:\/\/support.google.com\/accounts\/answer\/61416?co=GENIE.Platform=Desktop&amp;hl=es\">https:\/\/support.google.com\/accounts\/answer\/61416?co=GENIE.Platform=Desktop&amp;hl=es#<\/a><\/li>\n<\/ul>\n<ul style=\"text-align: justify;\">\n<li>Mozilla Firefox: <a href=\"https:\/\/support.mozilla.org\/es\/kb\/habilitar-y-deshabilitar-cookies-sitios-web-rastrear-preferencias\">https:\/\/support.mozilla.org\/es\/kb\/habilitar-y-deshabilitar-cookies-sitios-web-rastrear-preferencias<\/a><\/li>\n<li>Internet Explorer: <a href=\"https:\/\/support.microsoft.com\/es-es\/topic\/eliminar-y-administrar-cookies-168dab11-0753-043d-7c16-ede5947fc64d\">https:\/\/support.microsoft.com\/es-es\/topic\/eliminar-y-administrar-cookies-168dab11-0753-043d-7c16-ede5947fc64d<\/a><\/li>\n<li>Safari: <a href=\"https:\/\/support.apple.com\/es-es\/guide\/safari\/sfri11471\/mac\">https:\/\/support.apple.com\/es-es\/guide\/safari\/sfri11471\/mac<\/a><\/li>\n<\/ul>\n<p style=\"text-align: justify;\">La presente Pol\u00edtica de Cookies (revisada en el mes de marzo de 2021 a fin de adaptarla a la Gu\u00eda de Cookies de la AEPD), ser\u00e1 objeto de modificaci\u00f3n siempre que resulte necesario a fin de adaptarla a la actualidad legislativa de cada momento o a cualquier variaci\u00f3n en el tipo de cookies utilizadas en el Sitio Web. Por ello, le recomendamos revisar la presente Pol\u00edtica cada vez que acceda a nuestro Sitio Web con el objetivo de mantenerse informado sobre c\u00f3mo y para qu\u00e9 usamos las cookies.<\/p>\n<p style=\"text-align: justify;\">[\/et_pb_text][\/et_pb_column][\/et_pb_row][\/et_pb_section]<\/p>\n","protected":false},"excerpt":{"rendered":"<p>POL\u00cdTICA DE COOKIES ALUVINUM, S.A., titular del Sitio Web (www.glasscannedwines.com), utiliza cookies propias y de terceros para distintas finalidades. ALUVINUM, S.A. recurre al uso de cookies a los efectos de cumplir con las exigencias legales previstas en la Ley 34\/2002, de 11 de julio, de servicios de la sociedad de la informaci\u00f3n y de comercio [&hellip;]<\/p>\n","protected":false},"author":1,"featured_media":0,"parent":0,"menu_order":0,"comment_status":"closed","ping_status":"closed","template":"","meta":{"_et_pb_use_builder":"on","_et_pb_old_content":"","_et_gb_content_width":"","footnotes":""},"class_list":["post-340239","page","type-page","status-publish","hentry"],"yoast_head":"<!-- This site is optimized with the Yoast SEO plugin v27.4 - https:\/\/yoast.com\/product\/yoast-seo-wordpress\/ -->\n<title>Pol\u00edtica de Cookies - Glass Canned Wines<\/title>\n<meta name=\"robots\" content=\"index, follow, max-snippet:-1, max-image-preview:large, max-video-preview:-1\" \/>\n<link rel=\"canonical\" href=\"https:\/\/glasscannedwines.com\/politica-de-cookies\/\" \/>\n<meta property=\"og:locale\" content=\"es_ES\" \/>\n<meta property=\"og:type\" content=\"article\" \/>\n<meta property=\"og:title\" content=\"Pol\u00edtica de Cookies - Glass Canned Wines\" \/>\n<meta property=\"og:description\" content=\"POL\u00cdTICA DE COOKIES ALUVINUM, S.A., titular del Sitio Web (www.glasscannedwines.com), utiliza cookies propias y de terceros para distintas finalidades. ALUVINUM, S.A. recurre al uso de cookies a los efectos de cumplir con las exigencias legales previstas en la Ley 34\/2002, de 11 de julio, de servicios de la sociedad de la informaci\u00f3n y de comercio [&hellip;]\" \/>\n<meta property=\"og:url\" content=\"https:\/\/glasscannedwines.com\/politica-de-cookies\/\" \/>\n<meta property=\"og:site_name\" content=\"Glass Canned Wines\" \/>\n<meta property=\"article:publisher\" content=\"https:\/\/www.facebook.com\/Glasscannedwines\" \/>\n<meta property=\"article:modified_time\" content=\"2022-04-20T11:42:02+00:00\" \/>\n<meta name=\"twitter:card\" content=\"summary_large_image\" \/>\n<meta name=\"twitter:label1\" content=\"Tiempo de lectura\" \/>\n\t<meta name=\"twitter:data1\" content=\"5 minutos\" \/>\n<script type=\"application\/ld+json\" class=\"yoast-schema-graph\">{\"@context\":\"https:\\\/\\\/schema.org\",\"@graph\":[{\"@type\":\"WebPage\",\"@id\":\"https:\\\/\\\/glasscannedwines.com\\\/politica-de-cookies\\\/\",\"url\":\"https:\\\/\\\/glasscannedwines.com\\\/politica-de-cookies\\\/\",\"name\":\"Pol\u00edtica de Cookies - Glass Canned Wines\",\"isPartOf\":{\"@id\":\"https:\\\/\\\/glasscannedwines.com\\\/#website\"},\"datePublished\":\"2021-07-01T13:33:54+00:00\",\"dateModified\":\"2022-04-20T11:42:02+00:00\",\"breadcrumb\":{\"@id\":\"https:\\\/\\\/glasscannedwines.com\\\/politica-de-cookies\\\/#breadcrumb\"},\"inLanguage\":\"es\",\"potentialAction\":[{\"@type\":\"ReadAction\",\"target\":[\"https:\\\/\\\/glasscannedwines.com\\\/politica-de-cookies\\\/\"]}]},{\"@type\":\"BreadcrumbList\",\"@id\":\"https:\\\/\\\/glasscannedwines.com\\\/politica-de-cookies\\\/#breadcrumb\",\"itemListElement\":[{\"@type\":\"ListItem\",\"position\":1,\"name\":\"Inici\",\"item\":\"https:\\\/\\\/glasscannedwines.com\\\/es\\\/\"},{\"@type\":\"ListItem\",\"position\":2,\"name\":\"Pol\u00edtica de Cookies\"}]},{\"@type\":\"WebSite\",\"@id\":\"https:\\\/\\\/glasscannedwines.com\\\/#website\",\"url\":\"https:\\\/\\\/glasscannedwines.com\\\/\",\"name\":\"Glass Canned Wines\",\"description\":\"Vi on vulguis\",\"publisher\":{\"@id\":\"https:\\\/\\\/glasscannedwines.com\\\/#organization\"},\"potentialAction\":[{\"@type\":\"SearchAction\",\"target\":{\"@type\":\"EntryPoint\",\"urlTemplate\":\"https:\\\/\\\/glasscannedwines.com\\\/?s={search_term_string}\"},\"query-input\":{\"@type\":\"PropertyValueSpecification\",\"valueRequired\":true,\"valueName\":\"search_term_string\"}}],\"inLanguage\":\"es\"},{\"@type\":\"Organization\",\"@id\":\"https:\\\/\\\/glasscannedwines.com\\\/#organization\",\"name\":\"Glass Canned Wines\",\"url\":\"https:\\\/\\\/glasscannedwines.com\\\/\",\"logo\":{\"@type\":\"ImageObject\",\"inLanguage\":\"es\",\"@id\":\"https:\\\/\\\/glasscannedwines.com\\\/#\\\/schema\\\/logo\\\/image\\\/\",\"url\":\"https:\\\/\\\/glasscannedwines.com\\\/wp-content\\\/uploads\\\/2021\\\/06\\\/logo.jpg\",\"contentUrl\":\"https:\\\/\\\/glasscannedwines.com\\\/wp-content\\\/uploads\\\/2021\\\/06\\\/logo.jpg\",\"width\":80,\"height\":30,\"caption\":\"Glass Canned Wines\"},\"image\":{\"@id\":\"https:\\\/\\\/glasscannedwines.com\\\/#\\\/schema\\\/logo\\\/image\\\/\"},\"sameAs\":[\"https:\\\/\\\/www.facebook.com\\\/Glasscannedwines\",\"https:\\\/\\\/www.instagram.com\\\/glasscannedwines\\\/\",\"https:\\\/\\\/www.linkedin.com\\\/company\\\/glasscannedwines\"]}]}<\/script>\n<!-- \/ Yoast SEO plugin. -->","yoast_head_json":{"title":"Pol\u00edtica de Cookies - Glass Canned Wines","robots":{"index":"index","follow":"follow","max-snippet":"max-snippet:-1","max-image-preview":"max-image-preview:large","max-video-preview":"max-video-preview:-1"},"canonical":"https:\/\/glasscannedwines.com\/politica-de-cookies\/","og_locale":"es_ES","og_type":"article","og_title":"Pol\u00edtica de Cookies - Glass Canned Wines","og_description":"POL\u00cdTICA DE COOKIES ALUVINUM, S.A., titular del Sitio Web (www.glasscannedwines.com), utiliza cookies propias y de terceros para distintas finalidades. ALUVINUM, S.A. recurre al uso de cookies a los efectos de cumplir con las exigencias legales previstas en la Ley 34\/2002, de 11 de julio, de servicios de la sociedad de la informaci\u00f3n y de comercio [&hellip;]","og_url":"https:\/\/glasscannedwines.com\/politica-de-cookies\/","og_site_name":"Glass Canned Wines","article_publisher":"https:\/\/www.facebook.com\/Glasscannedwines","article_modified_time":"2022-04-20T11:42:02+00:00","twitter_card":"summary_large_image","twitter_misc":{"Tiempo de lectura":"5 minutos"},"schema":{"@context":"https:\/\/schema.org","@graph":[{"@type":"WebPage","@id":"https:\/\/glasscannedwines.com\/politica-de-cookies\/","url":"https:\/\/glasscannedwines.com\/politica-de-cookies\/","name":"Pol\u00edtica de Cookies - Glass Canned Wines","isPartOf":{"@id":"https:\/\/glasscannedwines.com\/#website"},"datePublished":"2021-07-01T13:33:54+00:00","dateModified":"2022-04-20T11:42:02+00:00","breadcrumb":{"@id":"https:\/\/glasscannedwines.com\/politica-de-cookies\/#breadcrumb"},"inLanguage":"es","potentialAction":[{"@type":"ReadAction","target":["https:\/\/glasscannedwines.com\/politica-de-cookies\/"]}]},{"@type":"BreadcrumbList","@id":"https:\/\/glasscannedwines.com\/politica-de-cookies\/#breadcrumb","itemListElement":[{"@type":"ListItem","position":1,"name":"Inici","item":"https:\/\/glasscannedwines.com\/es\/"},{"@type":"ListItem","position":2,"name":"Pol\u00edtica de Cookies"}]},{"@type":"WebSite","@id":"https:\/\/glasscannedwines.com\/#website","url":"https:\/\/glasscannedwines.com\/","name":"Glass Canned Wines","description":"Vi on vulguis","publisher":{"@id":"https:\/\/glasscannedwines.com\/#organization"},"potentialAction":[{"@type":"SearchAction","target":{"@type":"EntryPoint","urlTemplate":"https:\/\/glasscannedwines.com\/?s={search_term_string}"},"query-input":{"@type":"PropertyValueSpecification","valueRequired":true,"valueName":"search_term_string"}}],"inLanguage":"es"},{"@type":"Organization","@id":"https:\/\/glasscannedwines.com\/#organization","name":"Glass Canned Wines","url":"https:\/\/glasscannedwines.com\/","logo":{"@type":"ImageObject","inLanguage":"es","@id":"https:\/\/glasscannedwines.com\/#\/schema\/logo\/image\/","url":"https:\/\/glasscannedwines.com\/wp-content\/uploads\/2021\/06\/logo.jpg","contentUrl":"https:\/\/glasscannedwines.com\/wp-content\/uploads\/2021\/06\/logo.jpg","width":80,"height":30,"caption":"Glass Canned Wines"},"image":{"@id":"https:\/\/glasscannedwines.com\/#\/schema\/logo\/image\/"},"sameAs":["https:\/\/www.facebook.com\/Glasscannedwines","https:\/\/www.instagram.com\/glasscannedwines\/","https:\/\/www.linkedin.com\/company\/glasscannedwines"]}]}},"_links":{"self":[{"href":"https:\/\/glasscannedwines.com\/es\/wp-json\/wp\/v2\/pages\/340239","targetHints":{"allow":["GET"]}}],"collection":[{"href":"https:\/\/glasscannedwines.com\/es\/wp-json\/wp\/v2\/pages"}],"about":[{"href":"https:\/\/glasscannedwines.com\/es\/wp-json\/wp\/v2\/types\/page"}],"author":[{"embeddable":true,"href":"https:\/\/glasscannedwines.com\/es\/wp-json\/wp\/v2\/users\/1"}],"replies":[{"embeddable":true,"href":"https:\/\/glasscannedwines.com\/es\/wp-json\/wp\/v2\/comments?post=340239"}],"version-history":[{"count":5,"href":"https:\/\/glasscannedwines.com\/es\/wp-json\/wp\/v2\/pages\/340239\/revisions"}],"predecessor-version":[{"id":340247,"href":"https:\/\/glasscannedwines.com\/es\/wp-json\/wp\/v2\/pages\/340239\/revisions\/340247"}],"wp:attachment":[{"href":"https:\/\/glasscannedwines.com\/es\/wp-json\/wp\/v2\/media?parent=340239"}],"curies":[{"name":"wp","href":"https:\/\/api.w.org\/{rel}","templated":true}]}}