{"id":340216,"date":"2021-07-01T13:28:00","date_gmt":"2021-07-01T13:28:00","guid":{"rendered":"https:\/\/glasscannedwines.com\/aviso-legal\/"},"modified":"2022-04-20T11:19:45","modified_gmt":"2022-04-20T11:19:45","slug":"aviso-legal","status":"publish","type":"page","link":"https:\/\/glasscannedwines.com\/es\/aviso-legal\/","title":{"rendered":"AVISO LEGAL"},"content":{"rendered":"<p>[et_pb_section fb_built=\u00bb1&#8243; _builder_version=\u00bb4.9.3&#8243; _module_preset=\u00bbdefault\u00bb][et_pb_row _builder_version=\u00bb4.9.3&#8243; _module_preset=\u00bbdefault\u00bb][et_pb_column type=\u00bb4_4&#8243; _builder_version=\u00bb4.9.3&#8243; _module_preset=\u00bbdefault\u00bb][et_pb_text _builder_version=\u00bb4.9.3&#8243; _module_preset=\u00bbdefault\u00bb hover_enabled=\u00bb0&#8243; sticky_enabled=\u00bb0&#8243;]<\/p>\n<h1 style=\"text-align: justify;\"><strong>AVISO LEGAL<\/strong><\/h1>\n<p style=\"text-align: justify;\">Con la finalidad de dar cumplimiento al art\u00edculo 10 de la Ley 34\/2002 de Servicios de la Sociedad de la Informaci\u00f3n y del Comercio Electr\u00f3nico, informamos a los usuarios de nuestros datos:<\/p>\n<p style=\"text-align: justify;\"><strong>Denominaci\u00f3n Social:<\/strong> ALUVINUM, S.L.<\/p>\n<p style=\"text-align: justify;\"><strong>Domicilio Social:<\/strong> C\/ Campanar 3, 08770 (Sant Sadurn\u00ed d\u2019Anoia) Barcelona<\/p>\n<p style=\"text-align: justify;\"><strong>C.I.F.:<\/strong> B42846527<\/p>\n<p style=\"text-align: justify;\"><strong>Direcci\u00f3n de correo electr\u00f3nico:<\/strong> hola@glasscannedwines.com<\/p>\n<p style=\"text-align: justify;\"><strong>Tel\u00e9fono:<\/strong> 93 03 23 827<\/p>\n<p style=\"text-align: justify;\"><strong>Sitio Web:<\/strong> www. glasscannedwines.com<\/p>\n<p style=\"text-align: justify;\"><strong>Registro Mercantil de Barcelona:<\/strong> Tomo: 47690 \u00b7 Folio: 90 \u00b7 Hoja: 559456<\/p>\n<ol style=\"text-align: justify;\">\n<li><strong> <\/strong><strong><u>OBJETO<\/u><\/strong><\/li>\n<\/ol>\n<p style=\"text-align: justify;\">El presente Aviso Legal tiene como objetivo informar a todos los usuarios sobre la configuraci\u00f3n y Condiciones de Uso del Sitio Web (www. glasscannedwines.com) propiedad de ALUVINUM S.L. De este modo, ALUVINUM S.L. cumple con las obligaciones previstas en la Ley 34\/2002, de Servicios de la Sociedad de la Informaci\u00f3n y del Comercio Electr\u00f3nico (LSSICE).<\/p>\n<p style=\"text-align: justify;\">El presente Aviso Legal est\u00e1 sujeto a revisi\u00f3n continua por parte de ALUVINUM S.L., modific\u00e1ndose siempre que resulte necesario a fin de adaptarlo a la actualidad legislativa de cada momento o a cualquier variaci\u00f3n en nuestro Sitio Web. Por ello, le recomendamos revisar peri\u00f3dicamente este documento para mantenerse informado sobre cualquier novedad relacionada con la configuraci\u00f3n y uso del Sitio Web.<\/p>\n<ol start=\"2\" style=\"text-align: justify;\">\n<li><strong> <\/strong><strong><u>ACEPTACI\u00d3N DEL USUARIO<\/u><\/strong><\/li>\n<\/ol>\n<p style=\"text-align: justify;\">El acceso y uso del Sitio Web le atribuye la condici\u00f3n de \u201cusuario\u201d. Desde dicho acceso y\/o uso, se considera que el usuario acepta de forma absoluta y sin reservas las normas y condiciones de uso previstas en el presente Aviso Legal. Si el usuario decide no aceptar cualquiera de las referidas normas o condiciones, o manifiesta alg\u00fan tipo de reserva, debe abstenerse de acceder y\/o utilizar nuestro Sitio Web.<\/p>\n<ol start=\"3\" style=\"text-align: justify;\">\n<li><strong> <\/strong><strong><u>CONDICIONES DE ACCESO Y USO DEL SITIO WEB<\/u><\/strong><\/li>\n<\/ol>\n<p style=\"text-align: justify;\">3.1.  <u>Car\u00e1cter gratuito de acceso al Sitio Web<\/u><\/p>\n<p style=\"text-align: justify;\">El acceso y uso del Sitio Web de ALUVINUM S.L. tiene car\u00e1cter gratuito para todos los usuarios. En el supuesto de que haya un \u00e1rea que est\u00e9 sometida a pago, se informar\u00e1 al usuario debidamente.<\/p>\n<p style=\"text-align: justify;\">3.2.  <u>Obligaci\u00f3n de hacer un uso correcto del Sitio Web<\/u><\/p>\n<p style=\"text-align: justify;\">El usuario se compromete a utilizar el Sitio Web con arreglo a las disposiciones del presente Aviso Legal, debiendo abstenerse de realizar las siguientes acciones:<\/p>\n<ul style=\"text-align: justify;\">\n<li>llevar a cabo actividades contrarias a la Ley vigente, moral, a las buenas costumbres o al orden p\u00fablico establecido, o con fines il\u00edcitos, prohibidos o lesivos de derechos e intereses de ALUVINUM S.L. o de terceros (en especial, derechos de propiedad intelectual, industrial o an\u00e1logos).<\/li>\n<li>utilizar el Sitio Web o parte del mismo en otros sitios web privados o comerciales, as\u00ed como establecer hiperenlaces o hiperv\u00ednculos al Sitio Web o a alguno de sus contenidos (salvo autorizaci\u00f3n expresa y por escrito de ALUVINUM S.L.).<\/li>\n<li>falsear la identidad del usuario o suplantar la de un tercero, as\u00ed como facilitar datos falsos en la cumplimentaci\u00f3n de formularios y otros documentos de an\u00e1loga naturaleza. Ser\u00e1 responsabilidad del usuario mantener toda la informaci\u00f3n facilitada a ALUVINUM S.L. permanentemente actualizada, siendo adem\u00e1s el \u00fanico responsable de las manifestaciones falsas o inexactas que realice y de los perjuicios que pudiese causar a ALUVINUM S.L. o a terceros por ello.<\/li>\n<li>utilizar c\u00f3digos maliciosos o programas inform\u00e1ticos que puedan interrumpir, obstaculizar, inutilizar o directamente da\u00f1ar el Sitio Web, sus contenidos o servicios y los equipos, sistemas y redes que les dan soporte.<\/li>\n<\/ul>\n<p style=\"text-align: justify;\">Los contenidos y servicios ofrecidos a trav\u00e9s del Sitio Web est\u00e1n destinados para ser utilizados por personas mayores de edad.<\/p>\n<p style=\"text-align: justify;\">ALUVINUM S.L. se reserva el derecho a denegar discrecionalmente a cualquier usuario el acceso al Sitio Web, sus contenido y servicios, si existen indicios de que los ha utilizado o los utilizar\u00e1 infringiendo las disposiciones del presente Aviso Legal. ALUVINUM S.L. conservar\u00e1 todos los dem\u00e1s derechos adicionales que pudieran corresponderle frente al usuario, en especial los referentes al inicio de procedimientos judiciales penales o civiles.<\/p>\n<ol start=\"4\" style=\"text-align: justify;\">\n<li><strong> <\/strong><strong><u>RESPONSABILIDADADES<\/u><\/strong><\/li>\n<\/ol>\n<p style=\"text-align: justify;\">El usuario utiliza el Sitio Web por su propia cuenta y riesgo. Mediante su acceso, el usuario se obliga a utilizar el Sitio Web conforme a la Ley y las disposiciones del presente Aviso Legal, respondiendo frente a ALUVINUM S.L. y frente a terceros de cualquier da\u00f1o o perjuicio que pudiera causarse como consecuencia del incumplimiento de dicha obligaci\u00f3n.<\/p>\n<p style=\"text-align: justify;\">ALUVINUM S.L. proporciona a sus usuarios el acceso al presente Sitio Web, sus contenidos y servicios con un nivel de competencia y diligencia razonable. En este sentido, el presente Sitio Web ha sido revisado y probado para que funcione correctamente los 365 d\u00edas del a\u00f1o, 24 horas al d\u00eda. Adem\u00e1s, el Sitio Web utiliza cookies para llevar a cabo determinadas funciones que son consideradas imprescindibles para su correcto funcionamiento y visualizaci\u00f3n. Para obtener m\u00e1s informaci\u00f3n sobre las cookies que gestiona ALUVINUM S.L., el usuario puede acceder a la Pol\u00edtica de Cookies.<\/p>\n<p style=\"text-align: justify;\">No obstante, ALUVINUM S.L. no puede ofrecer garant\u00edas ni hacerse responsable de los da\u00f1os y perjuicios de cualquier naturaleza que pudieran derivarse de:<\/p>\n<ul style=\"text-align: justify;\">\n<li>la falta de disponibilidad o efectivo funcionamiento del Sitio Web, de sus servicios y contenidos debido a causas ajenas al control de ALUVINUM S.L.<\/li>\n<li>acciones necesarias para llevar a cabo operaciones de mejora, mantenimiento o an\u00e1logas del Sitio Web.<\/li>\n<li>fallos o desconexiones en las redes de telecomunicaciones que interrumpan el servicio, as\u00ed como otras circunstancias acaecidas por casos fortuitos o de fuerza mayor.<\/li>\n<li>contenidos publicitarios u ofertas que pudiese albergar el Sitio Web, siendo los anunciantes u ofertantes los \u00fanicos responsables de asegurar que el material remitido para su inclusi\u00f3n en el Sitio Web cumple con la normativa legal aplicable. ALUVINUM S.L. no ser\u00e1 responsable de cualquier error, inexactitud o irregularidad que puedan presentar dichos contenidos.<\/li>\n<li>informaci\u00f3n publicada en el Sitio Web, siempre que esta informaci\u00f3n haya estado manipulada o introducida por un tercero ajeno.<\/li>\n<li>errores de seguridad que puedan causarse en el sistema inform\u00e1tico del usuario (hardware y software), como consecuencia de la presencia de virus en el dispositivo del usuario utilizado para la conexi\u00f3n al Sitio Web.<\/li>\n<li>un uso del Sitio Web, de sus servicios y contenidos, il\u00edcito, negligente, fraudulento o contrario al presente Aviso Legal.<\/li>\n<li>el incumplimiento o la falta de licitud, cualidad, fiabilidad, utilidad y disponibilidad de los productos o servicios prestados por terceros y puestos a disposici\u00f3n de los usuarios a trav\u00e9s del Sitio Web.<\/li>\n<li>informaci\u00f3n y contenidos almacenados, a t\u00edtulo enunciativo y no limitativo, en f\u00f3rums, chats, blogs, redes sociales o cualquier otra plataforma que permita a usuarios y terceros publicar contenidos en el Sitio Web. Sin embargo, en virtud de los arts. 11 y 16 de la LSSICE, ALUVINUM S.L. se pone a disposici\u00f3n de los \u00f3rganos competentes colaborando con ellos de forma activa en la retirada y, en su caso, el bloqueo de todos aquellos contenidos que atenten contra los principios recogidos en el art. 8 de la citada Ley. En caso de que el usuario considere que puede existir alg\u00fan contenido que pudiera ser susceptible de infringir el citado precepto legal, se ruega que lo notifique inmediatamente a ALUVINUM S.L. (hola@glasscannedwines.com).<\/li>\n<\/ul>\n<p style=\"text-align: justify;\">El Sitio Web puede contener enlaces a otros sitios web e incorporar informaci\u00f3n o servicios de terceros, con objeto de facilitar el acceso del usuario a informaci\u00f3n de empresas colaboradoras. ALUVINUM S.L. no ejerce control alguno sobre los mismos y no se responsabiliza de su contenido ni funcionamiento. ALUVINUM S.L. \u00fanicamente ofrece al usuario dichos enlaces e informaci\u00f3n o servicios para su comodidad, siendo responsabilidad del mismo leer y aceptar las Condiciones de Uso y Pol\u00edtica de Privacidad publicados en los sitios web o aplicaciones vinculados.<\/p>\n<ol start=\"5\" style=\"text-align: justify;\">\n<li><strong> <\/strong><strong><u>PROTECCI\u00d3N DE DATOS PERSONALES<\/u><\/strong><\/li>\n<\/ol>\n<p style=\"text-align: justify;\">ALUVINUM S.L., en calidad de titular y responsable del presente Sitio Web, informa a todos los usuarios que hayan facilitado o tengan intenci\u00f3n de facilitar sus datos personales, que estos ser\u00e1n tratados por ALUVINUM S.L. con arreglo a la normativa legal de referencia en materia de protecci\u00f3n de datos, esto es, el Reglamento (UE) 2016\/679 del Parlamento Europeo y del Consejo de 27 de abril de 2016 y la Ley Org\u00e1nica 3\/2018, de 5 de diciembre.<\/p>\n<p style=\"text-align: justify;\">A tal efecto, los datos personales de los usuarios ser\u00e1n tratados de conformidad con los principios de licitud, lealtad, transparencia, limitaci\u00f3n de la finalidad, minimizaci\u00f3n de datos, exactitud, integridad y confidencialidad, respetando al mismo tiempo el resto de obligaciones y garant\u00edas establecidas en la citada normativa legal.<\/p>\n<p style=\"text-align: justify;\">Para obtener m\u00e1s informaci\u00f3n sobre c\u00f3mo gestionamos los datos personales de los usuarios, consulte nuestra Pol\u00edtica de Privacidad.<\/p>\n<ol start=\"6\" style=\"text-align: justify;\">\n<li><strong> <\/strong><strong><u>PROPIEDAD INDUSTRIAL E INTELECTUAL<\/u><\/strong><\/li>\n<\/ol>\n<p style=\"text-align: justify;\">La totalidad de los contenidos del Sitio Web (textos, fotograf\u00edas, gr\u00e1ficos, im\u00e1genes, tecnolog\u00eda, software, links, contenidos audiovisuales, dise\u00f1o gr\u00e1fico, c\u00f3digo fuente, etc.), as\u00ed como las marcas y dem\u00e1s signos distintivos, son propiedad de ALUVINUM S.L o de terceros con los que se colabora, siendo estos los titulares de los correspondientes derechos de propiedad intelectual e industrial, no adquiriendo el usuario ninguna facultad sobre ellos por el mero acceso y\/o uso del Sitio Web.<\/p>\n<p style=\"text-align: justify;\">Queda prohibida la utilizaci\u00f3n, reproducci\u00f3n, distribuci\u00f3n, comunicaci\u00f3n p\u00fablica y transformaci\u00f3n de los contenidos del Sitio Web de cualquier modo por parte del usuario, salvo en los casos contemplados legal o expresamente autorizados por ALUVINUM S.L. En este sentido, se except\u00faa la explotaci\u00f3n de los contenidos que sean expresamente autorizados por ALUVINUM S.L. a sus clientes o proveedores en virtud del correspondiente contrato, as\u00ed como el uso personal y privado de los contenidos de acceso libre y gratuito existentes en el Sitio Web.<\/p>\n<p style=\"text-align: justify;\">Cualquier uso de los contenidos del Sitio Web que incumpla la anterior obligaci\u00f3n, se considerar\u00e1 un incumplimiento grave de los derechos de propiedad intelectual o industrial de ALUVINUM S.L. o de terceros, pudiendo ser denunciado y perseguido por todos los medios legales.<\/p>\n<p style=\"text-align: justify;\">A fin de poder realizar cualquier tipo de observaci\u00f3n respecto a posibles vulneraciones de los derechos de propiedad intelectual o industrial de ALUVINUM S.L. o de sus leg\u00edtimos titulares, puede hacerlo a trav\u00e9s de la direcci\u00f3n de correo electr\u00f3nico: hola@glasscannedwines.com<\/p>\n<ol start=\"7\" style=\"text-align: justify;\">\n<li><strong> <\/strong><strong><u>LEY APLICABLE Y JURISDICCI\u00d3N<\/u><\/strong><\/li>\n<\/ol>\n<p style=\"text-align: justify;\">El presente Aviso Legal se rige por la legislaci\u00f3n espa\u00f1ola, siendo competentes los juzgados y tribunales de Barcelona para conocer de cuantas cuestiones se susciten sobre su interpretaci\u00f3n, aplicaci\u00f3n y cumplimiento. El usuario, en virtud de la aceptaci\u00f3n de las previsiones recogidas en este Aviso Legal, renuncia expresamente a cualquier fuero distinto que por aplicaci\u00f3n de la Ley vigente pudiera corresponderle.<\/p>\n<p style=\"text-align: justify;\">No obstante, si el usuario presenta la condici\u00f3n de consumidor, las disposiciones del Aviso Legal estar\u00e1n igualmente sujetas a la correspondiente legislaci\u00f3n local aplicable, someti\u00e9ndose consecuentemente cualquier controversia a los tribunales competentes del domicilio del usuario.<\/p>\n<p style=\"text-align: justify;\">[\/et_pb_text][\/et_pb_column][\/et_pb_row][\/et_pb_section]<\/p>\n","protected":false},"excerpt":{"rendered":"<p>AVISO LEGAL Con la finalidad de dar cumplimiento al art\u00edculo 10 de la Ley 34\/2002 de Servicios de la Sociedad de la Informaci\u00f3n y del Comercio Electr\u00f3nico, informamos a los usuarios de nuestros datos: Denominaci\u00f3n Social: ALUVINUM, S.L. Domicilio Social: C\/ Campanar 3, 08770 (Sant Sadurn\u00ed d\u2019Anoia) Barcelona C.I.F.: B42846527 Direcci\u00f3n de correo electr\u00f3nico: hola@glasscannedwines.com [&hellip;]<\/p>\n","protected":false},"author":1,"featured_media":0,"parent":0,"menu_order":0,"comment_status":"closed","ping_status":"closed","template":"","meta":{"_et_pb_use_builder":"on","_et_pb_old_content":"","_et_gb_content_width":"","footnotes":""},"class_list":["post-340216","page","type-page","status-publish","hentry"],"yoast_head":"<!-- This site is optimized with the Yoast SEO plugin v27.3 - https:\/\/yoast.com\/product\/yoast-seo-wordpress\/ -->\n<title>AVISO LEGAL - Glass Canned Wines<\/title>\n<meta name=\"robots\" content=\"index, follow, max-snippet:-1, max-image-preview:large, max-video-preview:-1\" \/>\n<link rel=\"canonical\" href=\"https:\/\/glasscannedwines.com\/avis-legal\/\" \/>\n<meta property=\"og:locale\" content=\"es_ES\" \/>\n<meta property=\"og:type\" content=\"article\" \/>\n<meta property=\"og:title\" content=\"AVISO LEGAL - Glass Canned Wines\" \/>\n<meta property=\"og:description\" content=\"AVISO LEGAL Con la finalidad de dar cumplimiento al art\u00edculo 10 de la Ley 34\/2002 de Servicios de la Sociedad de la Informaci\u00f3n y del Comercio Electr\u00f3nico, informamos a los usuarios de nuestros datos: Denominaci\u00f3n Social: ALUVINUM, S.L. Domicilio Social: C\/ Campanar 3, 08770 (Sant Sadurn\u00ed d\u2019Anoia) Barcelona C.I.F.: B42846527 Direcci\u00f3n de correo electr\u00f3nico: hola@glasscannedwines.com [&hellip;]\" \/>\n<meta property=\"og:url\" content=\"https:\/\/glasscannedwines.com\/avis-legal\/\" \/>\n<meta property=\"og:site_name\" content=\"Glass Canned Wines\" \/>\n<meta property=\"article:publisher\" content=\"https:\/\/www.facebook.com\/Glasscannedwines\" \/>\n<meta property=\"article:modified_time\" content=\"2022-04-20T11:19:45+00:00\" \/>\n<meta name=\"twitter:card\" content=\"summary_large_image\" \/>\n<meta name=\"twitter:label1\" content=\"Tiempo de lectura\" \/>\n\t<meta name=\"twitter:data1\" content=\"9 minutos\" \/>\n<script type=\"application\/ld+json\" class=\"yoast-schema-graph\">{\"@context\":\"https:\\\/\\\/schema.org\",\"@graph\":[{\"@type\":\"WebPage\",\"@id\":\"https:\\\/\\\/glasscannedwines.com\\\/avis-legal\\\/\",\"url\":\"https:\\\/\\\/glasscannedwines.com\\\/avis-legal\\\/\",\"name\":\"AVISO LEGAL - Glass Canned Wines\",\"isPartOf\":{\"@id\":\"https:\\\/\\\/glasscannedwines.com\\\/#website\"},\"datePublished\":\"2021-07-01T13:28:00+00:00\",\"dateModified\":\"2022-04-20T11:19:45+00:00\",\"breadcrumb\":{\"@id\":\"https:\\\/\\\/glasscannedwines.com\\\/avis-legal\\\/#breadcrumb\"},\"inLanguage\":\"es\",\"potentialAction\":[{\"@type\":\"ReadAction\",\"target\":[\"https:\\\/\\\/glasscannedwines.com\\\/avis-legal\\\/\"]}]},{\"@type\":\"BreadcrumbList\",\"@id\":\"https:\\\/\\\/glasscannedwines.com\\\/avis-legal\\\/#breadcrumb\",\"itemListElement\":[{\"@type\":\"ListItem\",\"position\":1,\"name\":\"Inici\",\"item\":\"https:\\\/\\\/glasscannedwines.com\\\/es\\\/\"},{\"@type\":\"ListItem\",\"position\":2,\"name\":\"AVISO LEGAL\"}]},{\"@type\":\"WebSite\",\"@id\":\"https:\\\/\\\/glasscannedwines.com\\\/#website\",\"url\":\"https:\\\/\\\/glasscannedwines.com\\\/\",\"name\":\"Glass Canned Wines\",\"description\":\"Vi on vulguis\",\"publisher\":{\"@id\":\"https:\\\/\\\/glasscannedwines.com\\\/#organization\"},\"potentialAction\":[{\"@type\":\"SearchAction\",\"target\":{\"@type\":\"EntryPoint\",\"urlTemplate\":\"https:\\\/\\\/glasscannedwines.com\\\/?s={search_term_string}\"},\"query-input\":{\"@type\":\"PropertyValueSpecification\",\"valueRequired\":true,\"valueName\":\"search_term_string\"}}],\"inLanguage\":\"es\"},{\"@type\":\"Organization\",\"@id\":\"https:\\\/\\\/glasscannedwines.com\\\/#organization\",\"name\":\"Glass Canned Wines\",\"url\":\"https:\\\/\\\/glasscannedwines.com\\\/\",\"logo\":{\"@type\":\"ImageObject\",\"inLanguage\":\"es\",\"@id\":\"https:\\\/\\\/glasscannedwines.com\\\/#\\\/schema\\\/logo\\\/image\\\/\",\"url\":\"https:\\\/\\\/glasscannedwines.com\\\/wp-content\\\/uploads\\\/2021\\\/06\\\/logo.jpg\",\"contentUrl\":\"https:\\\/\\\/glasscannedwines.com\\\/wp-content\\\/uploads\\\/2021\\\/06\\\/logo.jpg\",\"width\":80,\"height\":30,\"caption\":\"Glass Canned Wines\"},\"image\":{\"@id\":\"https:\\\/\\\/glasscannedwines.com\\\/#\\\/schema\\\/logo\\\/image\\\/\"},\"sameAs\":[\"https:\\\/\\\/www.facebook.com\\\/Glasscannedwines\",\"https:\\\/\\\/www.instagram.com\\\/glasscannedwines\\\/\",\"https:\\\/\\\/www.linkedin.com\\\/company\\\/glasscannedwines\"]}]}<\/script>\n<!-- \/ Yoast SEO plugin. -->","yoast_head_json":{"title":"AVISO LEGAL - Glass Canned Wines","robots":{"index":"index","follow":"follow","max-snippet":"max-snippet:-1","max-image-preview":"max-image-preview:large","max-video-preview":"max-video-preview:-1"},"canonical":"https:\/\/glasscannedwines.com\/avis-legal\/","og_locale":"es_ES","og_type":"article","og_title":"AVISO LEGAL - Glass Canned Wines","og_description":"AVISO LEGAL Con la finalidad de dar cumplimiento al art\u00edculo 10 de la Ley 34\/2002 de Servicios de la Sociedad de la Informaci\u00f3n y del Comercio Electr\u00f3nico, informamos a los usuarios de nuestros datos: Denominaci\u00f3n Social: ALUVINUM, S.L. Domicilio Social: C\/ Campanar 3, 08770 (Sant Sadurn\u00ed d\u2019Anoia) Barcelona C.I.F.: B42846527 Direcci\u00f3n de correo electr\u00f3nico: hola@glasscannedwines.com [&hellip;]","og_url":"https:\/\/glasscannedwines.com\/avis-legal\/","og_site_name":"Glass Canned Wines","article_publisher":"https:\/\/www.facebook.com\/Glasscannedwines","article_modified_time":"2022-04-20T11:19:45+00:00","twitter_card":"summary_large_image","twitter_misc":{"Tiempo de lectura":"9 minutos"},"schema":{"@context":"https:\/\/schema.org","@graph":[{"@type":"WebPage","@id":"https:\/\/glasscannedwines.com\/avis-legal\/","url":"https:\/\/glasscannedwines.com\/avis-legal\/","name":"AVISO LEGAL - Glass Canned Wines","isPartOf":{"@id":"https:\/\/glasscannedwines.com\/#website"},"datePublished":"2021-07-01T13:28:00+00:00","dateModified":"2022-04-20T11:19:45+00:00","breadcrumb":{"@id":"https:\/\/glasscannedwines.com\/avis-legal\/#breadcrumb"},"inLanguage":"es","potentialAction":[{"@type":"ReadAction","target":["https:\/\/glasscannedwines.com\/avis-legal\/"]}]},{"@type":"BreadcrumbList","@id":"https:\/\/glasscannedwines.com\/avis-legal\/#breadcrumb","itemListElement":[{"@type":"ListItem","position":1,"name":"Inici","item":"https:\/\/glasscannedwines.com\/es\/"},{"@type":"ListItem","position":2,"name":"AVISO LEGAL"}]},{"@type":"WebSite","@id":"https:\/\/glasscannedwines.com\/#website","url":"https:\/\/glasscannedwines.com\/","name":"Glass Canned Wines","description":"Vi on vulguis","publisher":{"@id":"https:\/\/glasscannedwines.com\/#organization"},"potentialAction":[{"@type":"SearchAction","target":{"@type":"EntryPoint","urlTemplate":"https:\/\/glasscannedwines.com\/?s={search_term_string}"},"query-input":{"@type":"PropertyValueSpecification","valueRequired":true,"valueName":"search_term_string"}}],"inLanguage":"es"},{"@type":"Organization","@id":"https:\/\/glasscannedwines.com\/#organization","name":"Glass Canned Wines","url":"https:\/\/glasscannedwines.com\/","logo":{"@type":"ImageObject","inLanguage":"es","@id":"https:\/\/glasscannedwines.com\/#\/schema\/logo\/image\/","url":"https:\/\/glasscannedwines.com\/wp-content\/uploads\/2021\/06\/logo.jpg","contentUrl":"https:\/\/glasscannedwines.com\/wp-content\/uploads\/2021\/06\/logo.jpg","width":80,"height":30,"caption":"Glass Canned Wines"},"image":{"@id":"https:\/\/glasscannedwines.com\/#\/schema\/logo\/image\/"},"sameAs":["https:\/\/www.facebook.com\/Glasscannedwines","https:\/\/www.instagram.com\/glasscannedwines\/","https:\/\/www.linkedin.com\/company\/glasscannedwines"]}]}},"_links":{"self":[{"href":"https:\/\/glasscannedwines.com\/es\/wp-json\/wp\/v2\/pages\/340216","targetHints":{"allow":["GET"]}}],"collection":[{"href":"https:\/\/glasscannedwines.com\/es\/wp-json\/wp\/v2\/pages"}],"about":[{"href":"https:\/\/glasscannedwines.com\/es\/wp-json\/wp\/v2\/types\/page"}],"author":[{"embeddable":true,"href":"https:\/\/glasscannedwines.com\/es\/wp-json\/wp\/v2\/users\/1"}],"replies":[{"embeddable":true,"href":"https:\/\/glasscannedwines.com\/es\/wp-json\/wp\/v2\/comments?post=340216"}],"version-history":[{"count":5,"href":"https:\/\/glasscannedwines.com\/es\/wp-json\/wp\/v2\/pages\/340216\/revisions"}],"predecessor-version":[{"id":340221,"href":"https:\/\/glasscannedwines.com\/es\/wp-json\/wp\/v2\/pages\/340216\/revisions\/340221"}],"wp:attachment":[{"href":"https:\/\/glasscannedwines.com\/es\/wp-json\/wp\/v2\/media?parent=340216"}],"curies":[{"name":"wp","href":"https:\/\/api.w.org\/{rel}","templated":true}]}}