{"id":340624,"date":"2022-05-20T11:01:44","date_gmt":"2022-05-20T11:01:44","guid":{"rendered":"https:\/\/glasscannedwines.com\/producto\/rose-sangria\/"},"modified":"2022-05-20T11:01:44","modified_gmt":"2022-05-20T11:01:44","slug":"rose-sangria-2","status":"publish","type":"product","link":"https:\/\/glasscannedwines.com\/en\/producto\/rose-sangria-2\/","title":{"rendered":"ROS\u00c9 SANGRIA"},"content":{"rendered":"","protected":false},"excerpt":{"rendered":"<h3 class=\"titled\">DESCRIPTION<\/h3>\n<p>Based on a great ros\u00e9 wine, we have designed this lovely and unknowed sangria ros\u00e9 with the best fruity and natural aromas: Came and discover it! Citrus, peach and red fruits, all of them mixed at the perfect proportion, conquer us with an explosion of flavours. Add some ice cubes, some strawberries and enjoy your best moments with it!<\/p>\n<h3 class=\"titled\">TASTING NOTES<\/h3>\n<p>Visual: Pale ros\u00e9 color<br \/>\nAroma: High intensity of red fruits and citrus.<br \/>\nPalate: Fruity and soft, delicate and delicuous.<\/p>\n<table class=\"tg\">\n<thead>\n<tr>\n<th class=\"tg-1pky\">\n<h3 class=\"title\">VARIETIES<\/h3>\n<p>Ros\u00e9 wine &amp; aromas.<\/th>\n<th class=\"tg-2pky\">\n<h3 class=\"title\">ORIGIN<\/h3>\n<p>Pened\u00e8s (Barcelona).<\/th>\n<th class=\"tg-3pky\">\n<h3 class=\"title\">GRADUATION<\/h3>\n<p>12%<br \/>\n11,5% Vol<\/th>\n<\/tr>\n<\/thead>\n<\/table>\n","protected":false},"featured_media":340488,"template":"","meta":{"_et_pb_use_builder":"","_et_pb_old_content":"","_et_gb_content_width":""},"product_brand":[],"product_cat":[58],"product_tag":[],"class_list":{"0":"post-340624","1":"product","2":"type-product","3":"status-publish","4":"has-post-thumbnail","6":"product_cat-sangria-en","8":"first","9":"instock","10":"shipping-taxable","11":"purchasable","12":"product-type-variable"},"yoast_head":"<!-- This site is optimized with the Yoast SEO plugin v27.4 - https:\/\/yoast.com\/product\/yoast-seo-wordpress\/ -->\n<title>ROS\u00c9 SANGRIA - Glass Canned Wines<\/title>\n<meta name=\"robots\" content=\"index, follow, max-snippet:-1, max-image-preview:large, max-video-preview:-1\" \/>\n<link rel=\"canonical\" href=\"https:\/\/glasscannedwines.com\/es\/producto\/rose-sangria-2\/\" \/>\n<meta property=\"og:locale\" content=\"en_US\" \/>\n<meta property=\"og:type\" content=\"article\" \/>\n<meta property=\"og:title\" content=\"ROS\u00c9 SANGRIA - Glass Canned Wines\" \/>\n<meta property=\"og:description\" content=\"DESCRIPTION Based on a great ros\u00e9 wine, we have designed this lovely and unknowed sangria ros\u00e9 with the best fruity and natural aromas: Came and discover it! Citrus, peach and red fruits, all of them mixed at the perfect proportion, conquer us with an explosion of flavours. Add some ice cubes, some strawberries and enjoy your best moments with it!   TASTING NOTES Visual: Pale ros\u00e9 color Aroma: High intensity of red fruits and citrus. Palate: Fruity and soft, delicate and delicuous.   VARIETIES Ros\u00e9 wine &amp; aromas. ORIGIN Pened\u00e8s (Barcelona). GRADUATION 12% 11,5% Vol\" \/>\n<meta property=\"og:url\" content=\"https:\/\/glasscannedwines.com\/es\/producto\/rose-sangria-2\/\" \/>\n<meta property=\"og:site_name\" content=\"Glass Canned Wines\" \/>\n<meta property=\"article:publisher\" content=\"https:\/\/www.facebook.com\/Glasscannedwines\" \/>\n<meta property=\"og:image\" content=\"https:\/\/glasscannedwines.com\/wp-content\/uploads\/2022\/05\/sangria_rose.png\" \/>\n\t<meta property=\"og:image:width\" content=\"600\" \/>\n\t<meta property=\"og:image:height\" content=\"600\" \/>\n\t<meta property=\"og:image:type\" content=\"image\/png\" \/>\n<meta name=\"twitter:card\" content=\"summary_large_image\" \/>\n<script type=\"application\/ld+json\" class=\"yoast-schema-graph\">{\"@context\":\"https:\\\/\\\/schema.org\",\"@graph\":[{\"@type\":\"WebPage\",\"@id\":\"https:\\\/\\\/glasscannedwines.com\\\/es\\\/producto\\\/rose-sangria-2\\\/\",\"url\":\"https:\\\/\\\/glasscannedwines.com\\\/es\\\/producto\\\/rose-sangria-2\\\/\",\"name\":\"ROS\u00c9 SANGRIA - Glass Canned Wines\",\"isPartOf\":{\"@id\":\"https:\\\/\\\/glasscannedwines.com\\\/#website\"},\"primaryImageOfPage\":{\"@id\":\"https:\\\/\\\/glasscannedwines.com\\\/es\\\/producto\\\/rose-sangria-2\\\/#primaryimage\"},\"image\":{\"@id\":\"https:\\\/\\\/glasscannedwines.com\\\/es\\\/producto\\\/rose-sangria-2\\\/#primaryimage\"},\"thumbnailUrl\":\"https:\\\/\\\/glasscannedwines.com\\\/wp-content\\\/uploads\\\/2022\\\/05\\\/sangria_rose.png\",\"datePublished\":\"2022-05-20T11:01:44+00:00\",\"breadcrumb\":{\"@id\":\"https:\\\/\\\/glasscannedwines.com\\\/es\\\/producto\\\/rose-sangria-2\\\/#breadcrumb\"},\"inLanguage\":\"en-US\",\"potentialAction\":[{\"@type\":\"ReadAction\",\"target\":[\"https:\\\/\\\/glasscannedwines.com\\\/es\\\/producto\\\/rose-sangria-2\\\/\"]}]},{\"@type\":\"ImageObject\",\"inLanguage\":\"en-US\",\"@id\":\"https:\\\/\\\/glasscannedwines.com\\\/es\\\/producto\\\/rose-sangria-2\\\/#primaryimage\",\"url\":\"https:\\\/\\\/glasscannedwines.com\\\/wp-content\\\/uploads\\\/2022\\\/05\\\/sangria_rose.png\",\"contentUrl\":\"https:\\\/\\\/glasscannedwines.com\\\/wp-content\\\/uploads\\\/2022\\\/05\\\/sangria_rose.png\",\"width\":600,\"height\":600},{\"@type\":\"BreadcrumbList\",\"@id\":\"https:\\\/\\\/glasscannedwines.com\\\/es\\\/producto\\\/rose-sangria-2\\\/#breadcrumb\",\"itemListElement\":[{\"@type\":\"ListItem\",\"position\":1,\"name\":\"Inici\",\"item\":\"https:\\\/\\\/glasscannedwines.com\\\/en\\\/\"},{\"@type\":\"ListItem\",\"position\":2,\"name\":\"Botiga\",\"item\":\"https:\\\/\\\/glasscannedwines.com\\\/botiga\\\/\"},{\"@type\":\"ListItem\",\"position\":3,\"name\":\"ROS\u00c9 SANGRIA\"}]},{\"@type\":\"WebSite\",\"@id\":\"https:\\\/\\\/glasscannedwines.com\\\/#website\",\"url\":\"https:\\\/\\\/glasscannedwines.com\\\/\",\"name\":\"Glass Canned Wines\",\"description\":\"Vi on vulguis\",\"publisher\":{\"@id\":\"https:\\\/\\\/glasscannedwines.com\\\/#organization\"},\"potentialAction\":[{\"@type\":\"SearchAction\",\"target\":{\"@type\":\"EntryPoint\",\"urlTemplate\":\"https:\\\/\\\/glasscannedwines.com\\\/?s={search_term_string}\"},\"query-input\":{\"@type\":\"PropertyValueSpecification\",\"valueRequired\":true,\"valueName\":\"search_term_string\"}}],\"inLanguage\":\"en-US\"},{\"@type\":\"Organization\",\"@id\":\"https:\\\/\\\/glasscannedwines.com\\\/#organization\",\"name\":\"Glass Canned Wines\",\"url\":\"https:\\\/\\\/glasscannedwines.com\\\/\",\"logo\":{\"@type\":\"ImageObject\",\"inLanguage\":\"en-US\",\"@id\":\"https:\\\/\\\/glasscannedwines.com\\\/#\\\/schema\\\/logo\\\/image\\\/\",\"url\":\"https:\\\/\\\/glasscannedwines.com\\\/wp-content\\\/uploads\\\/2021\\\/06\\\/logo.jpg\",\"contentUrl\":\"https:\\\/\\\/glasscannedwines.com\\\/wp-content\\\/uploads\\\/2021\\\/06\\\/logo.jpg\",\"width\":80,\"height\":30,\"caption\":\"Glass Canned Wines\"},\"image\":{\"@id\":\"https:\\\/\\\/glasscannedwines.com\\\/#\\\/schema\\\/logo\\\/image\\\/\"},\"sameAs\":[\"https:\\\/\\\/www.facebook.com\\\/Glasscannedwines\",\"https:\\\/\\\/www.instagram.com\\\/glasscannedwines\\\/\",\"https:\\\/\\\/www.linkedin.com\\\/company\\\/glasscannedwines\"]}]}<\/script>\n<!-- \/ Yoast SEO plugin. -->","yoast_head_json":{"title":"ROS\u00c9 SANGRIA - Glass Canned Wines","robots":{"index":"index","follow":"follow","max-snippet":"max-snippet:-1","max-image-preview":"max-image-preview:large","max-video-preview":"max-video-preview:-1"},"canonical":"https:\/\/glasscannedwines.com\/es\/producto\/rose-sangria-2\/","og_locale":"en_US","og_type":"article","og_title":"ROS\u00c9 SANGRIA - Glass Canned Wines","og_description":"DESCRIPTION Based on a great ros\u00e9 wine, we have designed this lovely and unknowed sangria ros\u00e9 with the best fruity and natural aromas: Came and discover it! Citrus, peach and red fruits, all of them mixed at the perfect proportion, conquer us with an explosion of flavours. Add some ice cubes, some strawberries and enjoy your best moments with it!   TASTING NOTES Visual: Pale ros\u00e9 color Aroma: High intensity of red fruits and citrus. Palate: Fruity and soft, delicate and delicuous.   VARIETIES Ros\u00e9 wine &amp; aromas. ORIGIN Pened\u00e8s (Barcelona). GRADUATION 12% 11,5% Vol","og_url":"https:\/\/glasscannedwines.com\/es\/producto\/rose-sangria-2\/","og_site_name":"Glass Canned Wines","article_publisher":"https:\/\/www.facebook.com\/Glasscannedwines","og_image":[{"width":600,"height":600,"url":"https:\/\/glasscannedwines.com\/wp-content\/uploads\/2022\/05\/sangria_rose.png","type":"image\/png"}],"twitter_card":"summary_large_image","schema":{"@context":"https:\/\/schema.org","@graph":[{"@type":"WebPage","@id":"https:\/\/glasscannedwines.com\/es\/producto\/rose-sangria-2\/","url":"https:\/\/glasscannedwines.com\/es\/producto\/rose-sangria-2\/","name":"ROS\u00c9 SANGRIA - Glass Canned Wines","isPartOf":{"@id":"https:\/\/glasscannedwines.com\/#website"},"primaryImageOfPage":{"@id":"https:\/\/glasscannedwines.com\/es\/producto\/rose-sangria-2\/#primaryimage"},"image":{"@id":"https:\/\/glasscannedwines.com\/es\/producto\/rose-sangria-2\/#primaryimage"},"thumbnailUrl":"https:\/\/glasscannedwines.com\/wp-content\/uploads\/2022\/05\/sangria_rose.png","datePublished":"2022-05-20T11:01:44+00:00","breadcrumb":{"@id":"https:\/\/glasscannedwines.com\/es\/producto\/rose-sangria-2\/#breadcrumb"},"inLanguage":"en-US","potentialAction":[{"@type":"ReadAction","target":["https:\/\/glasscannedwines.com\/es\/producto\/rose-sangria-2\/"]}]},{"@type":"ImageObject","inLanguage":"en-US","@id":"https:\/\/glasscannedwines.com\/es\/producto\/rose-sangria-2\/#primaryimage","url":"https:\/\/glasscannedwines.com\/wp-content\/uploads\/2022\/05\/sangria_rose.png","contentUrl":"https:\/\/glasscannedwines.com\/wp-content\/uploads\/2022\/05\/sangria_rose.png","width":600,"height":600},{"@type":"BreadcrumbList","@id":"https:\/\/glasscannedwines.com\/es\/producto\/rose-sangria-2\/#breadcrumb","itemListElement":[{"@type":"ListItem","position":1,"name":"Inici","item":"https:\/\/glasscannedwines.com\/en\/"},{"@type":"ListItem","position":2,"name":"Botiga","item":"https:\/\/glasscannedwines.com\/botiga\/"},{"@type":"ListItem","position":3,"name":"ROS\u00c9 SANGRIA"}]},{"@type":"WebSite","@id":"https:\/\/glasscannedwines.com\/#website","url":"https:\/\/glasscannedwines.com\/","name":"Glass Canned Wines","description":"Vi on vulguis","publisher":{"@id":"https:\/\/glasscannedwines.com\/#organization"},"potentialAction":[{"@type":"SearchAction","target":{"@type":"EntryPoint","urlTemplate":"https:\/\/glasscannedwines.com\/?s={search_term_string}"},"query-input":{"@type":"PropertyValueSpecification","valueRequired":true,"valueName":"search_term_string"}}],"inLanguage":"en-US"},{"@type":"Organization","@id":"https:\/\/glasscannedwines.com\/#organization","name":"Glass Canned Wines","url":"https:\/\/glasscannedwines.com\/","logo":{"@type":"ImageObject","inLanguage":"en-US","@id":"https:\/\/glasscannedwines.com\/#\/schema\/logo\/image\/","url":"https:\/\/glasscannedwines.com\/wp-content\/uploads\/2021\/06\/logo.jpg","contentUrl":"https:\/\/glasscannedwines.com\/wp-content\/uploads\/2021\/06\/logo.jpg","width":80,"height":30,"caption":"Glass Canned Wines"},"image":{"@id":"https:\/\/glasscannedwines.com\/#\/schema\/logo\/image\/"},"sameAs":["https:\/\/www.facebook.com\/Glasscannedwines","https:\/\/www.instagram.com\/glasscannedwines\/","https:\/\/www.linkedin.com\/company\/glasscannedwines"]}]}},"_links":{"self":[{"href":"https:\/\/glasscannedwines.com\/en\/wp-json\/wp\/v2\/product\/340624","targetHints":{"allow":["GET"]}}],"collection":[{"href":"https:\/\/glasscannedwines.com\/en\/wp-json\/wp\/v2\/product"}],"about":[{"href":"https:\/\/glasscannedwines.com\/en\/wp-json\/wp\/v2\/types\/product"}],"wp:featuredmedia":[{"embeddable":true,"href":"https:\/\/glasscannedwines.com\/en\/wp-json\/wp\/v2\/media\/340488"}],"wp:attachment":[{"href":"https:\/\/glasscannedwines.com\/en\/wp-json\/wp\/v2\/media?parent=340624"}],"wp:term":[{"taxonomy":"product_brand","embeddable":true,"href":"https:\/\/glasscannedwines.com\/en\/wp-json\/wp\/v2\/product_brand?post=340624"},{"taxonomy":"product_cat","embeddable":true,"href":"https:\/\/glasscannedwines.com\/en\/wp-json\/wp\/v2\/product_cat?post=340624"},{"taxonomy":"product_tag","embeddable":true,"href":"https:\/\/glasscannedwines.com\/en\/wp-json\/wp\/v2\/product_tag?post=340624"}],"curies":[{"name":"wp","href":"https:\/\/api.w.org\/{rel}","templated":true}]}}